{"id":1376836,"date":"2022-09-22T15:24:14","date_gmt":"2022-09-22T13:24:14","guid":{"rendered":"https:\/\/nosamedkopia.hemsida.eu\/product\/the-protection-kit\/"},"modified":"2023-03-29T15:12:32","modified_gmt":"2023-03-29T13:12:32","slug":"the-protection-kit","status":"publish","type":"product","link":"https:\/\/nosamedkopia.hemsida.eu\/sv\/product\/the-protection-kit\/","title":{"rendered":"The Protection Kit"},"content":{"rendered":"<p>[et_pb_section fb_built=&#8221;1&#8243; _builder_version=&#8221;4.19.0&#8243; custom_padding=&#8221;0px|20px||20px|false|false&#8221; da_disable_devices=&#8221;off|off|off&#8221; global_colors_info=&#8221;{}&#8221; da_is_popup=&#8221;off&#8221; da_exit_intent=&#8221;off&#8221; da_has_close=&#8221;on&#8221; da_alt_close=&#8221;off&#8221; da_dark_close=&#8221;off&#8221; da_not_modal=&#8221;on&#8221; da_is_singular=&#8221;off&#8221; da_with_loader=&#8221;off&#8221; da_has_shadow=&#8221;on&#8221;][et_pb_row _builder_version=&#8221;4.16&#8243; background_size=&#8221;initial&#8221; background_position=&#8221;top_left&#8221; background_repeat=&#8221;repeat&#8221; width=&#8221;100%&#8221; custom_padding=&#8221;0px||0px||false|false&#8221; global_colors_info=&#8221;{}&#8221;][et_pb_column type=&#8221;4_4&#8243; _builder_version=&#8221;4.16&#8243; custom_padding=&#8221;|||&#8221; global_colors_info=&#8221;{}&#8221; custom_padding__hover=&#8221;|||&#8221;][et_pb_divider show_divider=&#8221;off&#8221; _builder_version=&#8221;4.18.0&#8243; _module_preset=&#8221;default&#8221; custom_margin=&#8221;10px||||false|false&#8221; global_colors_info=&#8221;{}&#8221;][\/et_pb_divider][et_pb_wc_breadcrumb _builder_version=&#8221;4.16&#8243; global_colors_info=&#8221;{}&#8221;][\/et_pb_wc_breadcrumb][et_pb_wc_cart_notice _builder_version=&#8221;4.16&#8243; global_colors_info=&#8221;{}&#8221;][\/et_pb_wc_cart_notice][\/et_pb_column][\/et_pb_row][et_pb_row column_structure=&#8221;1_2,1_2&#8243; _builder_version=&#8221;4.16&#8243; background_size=&#8221;initial&#8221; background_position=&#8221;top_left&#8221; background_repeat=&#8221;repeat&#8221; width=&#8221;100%&#8221; custom_padding=&#8221;0px||||false|false&#8221; global_colors_info=&#8221;{}&#8221;][et_pb_column type=&#8221;1_2&#8243; _builder_version=&#8221;4.16&#8243; custom_padding=&#8221;|||&#8221; global_colors_info=&#8221;{}&#8221; custom_padding__hover=&#8221;|||&#8221;][et_pb_wc_images sale_badge_color=&#8221;#97d700&#8243; _builder_version=&#8221;4.18.0&#8243; global_colors_info=&#8221;{}&#8221;][\/et_pb_wc_images][\/et_pb_column][et_pb_column type=&#8221;1_2&#8243; _builder_version=&#8221;4.16&#8243; custom_padding=&#8221;|||&#8221; global_colors_info=&#8221;{}&#8221; custom_padding__hover=&#8221;|||&#8221;][et_pb_wc_title _builder_version=&#8221;4.18.0&#8243; header_font=&#8221;|300||on|||||&#8221; global_colors_info=&#8221;{}&#8221;][\/et_pb_wc_title][et_pb_wc_price _builder_version=&#8221;4.16&#8243; global_colors_info=&#8221;{}&#8221;][\/et_pb_wc_price][et_pb_wc_description _builder_version=&#8221;4.19.5&#8243; hover_enabled=&#8221;0&#8243; global_colors_info=&#8221;{}&#8221; sticky_enabled=&#8221;0&#8243;][\/et_pb_wc_description][et_pb_wc_add_to_cart show_stock=&#8221;off&#8221; admin_label=&#8221;l\u00e4gg till i varukorgen&#8221; _builder_version=&#8221;4.18.0&#8243; _module_preset=&#8221;default&#8221; fields_custom_margin=&#8221;-50px||||false|false&#8221; fields_custom_padding=&#8221;|20px|||false|false&#8221; dropdown_menus_custom_margin=&#8221;15px||||false|false&#8221; dropdown_menus_custom_margin_tablet=&#8221;0px||||false|false&#8221; dropdown_menus_custom_margin_phone=&#8221;0px||||false|false&#8221; dropdown_menus_custom_margin_last_edited=&#8221;off|desktop&#8221; field_label_font=&#8221;||||||||&#8221; field_label_text_align=&#8221;center&#8221; field_label_line_height=&#8221;1.3em&#8221; fields_font_size=&#8221;14px&#8221; fields_line_height=&#8221;1.3em&#8221; dropdown_menus_font=&#8221;||||||||&#8221; dropdown_menus_font_size=&#8221;14px&#8221; dropdown_menus_letter_spacing=&#8221;1px&#8221; use_focus_border_color=&#8221;on&#8221; custom_button=&#8221;on&#8221; button_text_size=&#8221;16px&#8221; button_text_color=&#8221;#ffffff&#8221; button_bg_color=&#8221;#00b6c8&#8243; button_border_width=&#8221;8px&#8221; button_border_color=&#8221;#00b6c8&#8243; button_font=&#8221;|700||on|||||&#8221; button_use_icon=&#8221;off&#8221; button_custom_padding=&#8221;|20px||20px|false|true&#8221; custom_margin=&#8221;|20px|||false|false&#8221; custom_padding=&#8221;||||false|false&#8221; button_border_color_last_edited=&#8221;off|desktop&#8221; border_width_all_dropdown_menus=&#8221;1px&#8221; border_color_all_dropdown_menus=&#8221;#90cfd8&#8243; global_colors_info=&#8221;{}&#8221; button_bg_color__hover_enabled=&#8221;on|hover&#8221; button_bg_color__hover=&#8221;#97d700&#8243; button_bg_enable_color__hover=&#8221;on&#8221; button_border_color__hover_enabled=&#8221;on|desktop&#8221; button_border_color__hover=&#8221;#97d700&#8243;][\/et_pb_wc_add_to_cart][et_pb_wc_meta show_tags=&#8221;off&#8221; _builder_version=&#8221;4.18.0&#8243; global_colors_info=&#8221;{}&#8221;][\/et_pb_wc_meta][\/et_pb_column][\/et_pb_row][et_pb_row _builder_version=&#8221;4.16&#8243; background_size=&#8221;initial&#8221; background_position=&#8221;top_left&#8221; background_repeat=&#8221;repeat&#8221; width=&#8221;100%&#8221; global_colors_info=&#8221;{}&#8221;][et_pb_column type=&#8221;4_4&#8243; _builder_version=&#8221;4.16&#8243; custom_padding=&#8221;|||&#8221; global_colors_info=&#8221;{}&#8221; custom_padding__hover=&#8221;|||&#8221;][et_pb_wc_related_products include_categories=&#8221;532,534,573&#8243; sale_badge_color=&#8221;#97d700&#8243; _builder_version=&#8221;4.18.0&#8243; title_font=&#8221;|300||on|||||&#8221; title_text_align=&#8221;left&#8221; product_title_font=&#8221;|300||on|||||&#8221; product_title_text_align=&#8221;center&#8221; product_title_font_size=&#8221;23px&#8221; price_font=&#8221;|700||on|||||&#8221; price_text_align=&#8221;center&#8221; price_text_color=&#8221;#00b6c8&#8243; price_font_size=&#8221;18px&#8221; sale_price_font=&#8221;|700||on|||||&#8221; sale_price_text_color=&#8221;#00b6c8&#8243; sale_price_font_size=&#8221;18px&#8221; global_colors_info=&#8221;{}&#8221;][\/et_pb_wc_related_products][\/et_pb_column][\/et_pb_row][\/et_pb_section]<\/p>\n","protected":false},"excerpt":{"rendered":"<p>Inneh\u00e5ller:<br \/>\n1 paket NOSA menthol plugs<br \/>\n1 paket NOSA microbial control<\/p>\n<p>K\u00f6p NOSA\u2019s kits f\u00f6r att f\u00e5 m\u00e4ngdrabatt! Detta kit ger dig 20% rabatt p\u00e5 originalpriset. \u201cThe protection Kit\u201d blockerar effektivt d\u00e5lig lukt samt reducerar exponeringen av virus och bakterier. L\u00e4s mer om NOSA menthol plugs h\u00e4r. L\u00e4s mer om NOSA microbial control <a href=\"https:\/\/nosamedkopia.hemsida.eu\/sv\/product\/nosa-microbial-control\/\">h\u00e4r.\u00a0<\/a><\/p>\n","protected":false},"featured_media":1376837,"comment_status":"open","ping_status":"closed","template":"","meta":{"_et_pb_use_builder":"on","_et_pb_old_content":"","_et_gb_content_width":""},"product_cat":[689,646,648,649],"product_tag":[],"bundled_by":[],"bundle_stock_status":"instock","bundle_stock_quantity":"","bundle_virtual":false,"bundle_layout":"default","bundle_add_to_cart_form_location":"default","bundle_editable_in_cart":false,"bundle_sold_individually_context":"product","bundle_item_grouping":"parent","bundle_min_size":"","bundle_max_size":"","bundled_items":[{"bundled_item_id":230,"product_id":1376841,"menu_order":0,"quantity_min":1,"quantity_max":1,"quantity_default":1,"priced_individually":false,"shipped_individually":false,"override_title":false,"title":"NOSA menthol plugs","override_description":true,"description":"","optional":false,"hide_thumbnail":false,"discount":"","override_variations":false,"allowed_variations":[""],"override_default_variation_attributes":false,"default_variation_attributes":[],"single_product_visibility":"visible","cart_visibility":"visible","order_visibility":"visible","single_product_price_visibility":"visible","cart_price_visibility":"visible","order_price_visibility":"visible","stock_status":"in_stock"},{"bundled_item_id":231,"product_id":1376839,"menu_order":1,"quantity_min":1,"quantity_max":1,"quantity_default":1,"priced_individually":false,"shipped_individually":false,"override_title":false,"title":"NOSA microbial control","override_description":true,"description":"","optional":false,"hide_thumbnail":false,"discount":"","override_variations":false,"allowed_variations":[""],"override_default_variation_attributes":false,"default_variation_attributes":[],"single_product_visibility":"visible","cart_visibility":"visible","order_visibility":"visible","single_product_price_visibility":"visible","cart_price_visibility":"visible","order_price_visibility":"visible","stock_status":"in_stock"}],"bundle_sell_ids":[],"aioseo_notices":[],"yoast_head":"<!-- This site is optimized with the Yoast SEO plugin v20.7 - https:\/\/yoast.com\/wordpress\/plugins\/seo\/ -->\n<title>The Protection Kit - NOSA med<\/title>\n<meta name=\"description\" content=\"&quot;The Protection Kit&quot; inneh\u00e5ller 1 paket NOSA menthol plugs &amp; 1 paket NOSA microbial control. K\u00f6p NOSAs kit&#039;s och f\u00e5 20% m\u00e4ngdrabatt.\" \/>\n<meta name=\"robots\" content=\"noindex, follow, max-snippet:-1, max-image-preview:large, max-video-preview:-1\" \/>\n<meta property=\"og:locale\" content=\"sv_SE\" \/>\n<meta property=\"og:type\" content=\"article\" \/>\n<meta property=\"og:title\" content=\"The Protection Kit - NOSA med\" \/>\n<meta property=\"og:description\" content=\"&quot;The Protection Kit&quot; inneh\u00e5ller 1 paket NOSA menthol plugs &amp; 1 paket NOSA microbial control. K\u00f6p NOSAs kit&#039;s och f\u00e5 20% m\u00e4ngdrabatt.\" \/>\n<meta property=\"og:url\" content=\"https:\/\/nosamedkopia.hemsida.eu\/sv\/product\/the-protection-kit\/\" \/>\n<meta property=\"og:site_name\" content=\"NOSA med\" \/>\n<meta property=\"article:publisher\" content=\"https:\/\/www.facebook.com\/nosaplugs\" \/>\n<meta property=\"article:modified_time\" content=\"2023-03-29T13:12:32+00:00\" \/>\n<meta property=\"og:image\" content=\"https:\/\/nosamedkopia.hemsida.eu\/wp-content\/uploads\/2022\/09\/Kits-2-1024x1024.png\" \/>\n\t<meta property=\"og:image:width\" content=\"1024\" \/>\n\t<meta property=\"og:image:height\" content=\"1024\" \/>\n\t<meta property=\"og:image:type\" content=\"image\/png\" \/>\n<meta name=\"twitter:card\" content=\"summary_large_image\" \/>\n<meta name=\"twitter:label1\" content=\"Ber\u00e4knad l\u00e4stid\" \/>\n\t<meta name=\"twitter:data1\" content=\"1 minut\" \/>\n<script type=\"application\/ld+json\" class=\"yoast-schema-graph\">{\"@context\":\"https:\/\/schema.org\",\"@graph\":[{\"@type\":\"WebPage\",\"@id\":\"https:\/\/nosamedkopia.hemsida.eu\/sv\/product\/the-protection-kit\/\",\"url\":\"https:\/\/nosamedkopia.hemsida.eu\/sv\/product\/the-protection-kit\/\",\"name\":\"The Protection Kit - NOSA med\",\"isPartOf\":{\"@id\":\"https:\/\/nosamedkopia.hemsida.eu\/sv\/#website\"},\"datePublished\":\"2022-09-22T13:24:14+00:00\",\"dateModified\":\"2023-03-29T13:12:32+00:00\",\"description\":\"\\\"The Protection Kit\\\" inneh\u00e5ller 1 paket NOSA menthol plugs & 1 paket NOSA microbial control. K\u00f6p NOSAs kit's och f\u00e5 20% m\u00e4ngdrabatt.\",\"breadcrumb\":{\"@id\":\"https:\/\/nosamedkopia.hemsida.eu\/sv\/product\/the-protection-kit\/#breadcrumb\"},\"inLanguage\":\"sv-SE\",\"potentialAction\":[{\"@type\":\"ReadAction\",\"target\":[\"https:\/\/nosamedkopia.hemsida.eu\/sv\/product\/the-protection-kit\/\"]}]},{\"@type\":\"BreadcrumbList\",\"@id\":\"https:\/\/nosamedkopia.hemsida.eu\/sv\/product\/the-protection-kit\/#breadcrumb\",\"itemListElement\":[{\"@type\":\"ListItem\",\"position\":1,\"name\":\"Home\",\"item\":\"https:\/\/nosamedkopia.hemsida.eu\/sv\/\"},{\"@type\":\"ListItem\",\"position\":2,\"name\":\"woocommerce-shop\",\"item\":\"https:\/\/nosamedkopia.hemsida.eu\/sv\/woocommerce-shop\/\"},{\"@type\":\"ListItem\",\"position\":3,\"name\":\"The Protection Kit\"}]},{\"@type\":\"WebSite\",\"@id\":\"https:\/\/nosamedkopia.hemsida.eu\/sv\/#website\",\"url\":\"https:\/\/nosamedkopia.hemsida.eu\/sv\/\",\"name\":\"NOSA med\",\"description\":\"Breathe with care\",\"publisher\":{\"@id\":\"https:\/\/nosamedkopia.hemsida.eu\/sv\/#organization\"},\"potentialAction\":[{\"@type\":\"SearchAction\",\"target\":{\"@type\":\"EntryPoint\",\"urlTemplate\":\"https:\/\/nosamedkopia.hemsida.eu\/sv\/?s={search_term_string}\"},\"query-input\":\"required name=search_term_string\"}],\"inLanguage\":\"sv-SE\"},{\"@type\":\"Organization\",\"@id\":\"https:\/\/nosamedkopia.hemsida.eu\/sv\/#organization\",\"name\":\"NOSA\",\"url\":\"https:\/\/nosamedkopia.hemsida.eu\/sv\/\",\"logo\":{\"@type\":\"ImageObject\",\"inLanguage\":\"sv-SE\",\"@id\":\"https:\/\/nosamedkopia.hemsida.eu\/sv\/#\/schema\/logo\/image\/\",\"url\":\"https:\/\/nosamedkopia.hemsida.eu\/wp-content\/uploads\/2020\/09\/nosalogga_3125c-med-kant-03-01-01-01.png\",\"contentUrl\":\"https:\/\/nosamedkopia.hemsida.eu\/wp-content\/uploads\/2020\/09\/nosalogga_3125c-med-kant-03-01-01-01.png\",\"width\":647,\"height\":399,\"caption\":\"NOSA\"},\"image\":{\"@id\":\"https:\/\/nosamedkopia.hemsida.eu\/sv\/#\/schema\/logo\/image\/\"},\"sameAs\":[\"https:\/\/www.facebook.com\/nosaplugs\",\"https:\/\/www.instagram.com\/nosa_med\",\"https:\/\/www.linkedin.com\/company\/9313523\"]}]}<\/script>\n<!-- \/ Yoast SEO plugin. -->","yoast_head_json":{"title":"The Protection Kit - NOSA med","description":"\"The Protection Kit\" inneh\u00e5ller 1 paket NOSA menthol plugs & 1 paket NOSA microbial control. K\u00f6p NOSAs kit's och f\u00e5 20% m\u00e4ngdrabatt.","robots":{"index":"noindex","follow":"follow","max-snippet":"max-snippet:-1","max-image-preview":"max-image-preview:large","max-video-preview":"max-video-preview:-1"},"og_locale":"sv_SE","og_type":"article","og_title":"The Protection Kit - NOSA med","og_description":"\"The Protection Kit\" inneh\u00e5ller 1 paket NOSA menthol plugs & 1 paket NOSA microbial control. K\u00f6p NOSAs kit's och f\u00e5 20% m\u00e4ngdrabatt.","og_url":"https:\/\/nosamedkopia.hemsida.eu\/sv\/product\/the-protection-kit\/","og_site_name":"NOSA med","article_publisher":"https:\/\/www.facebook.com\/nosaplugs","article_modified_time":"2023-03-29T13:12:32+00:00","og_image":[{"width":1024,"height":1024,"url":"https:\/\/nosamedkopia.hemsida.eu\/wp-content\/uploads\/2022\/09\/Kits-2-1024x1024.png","type":"image\/png"}],"twitter_card":"summary_large_image","twitter_misc":{"Ber\u00e4knad l\u00e4stid":"1 minut"},"schema":{"@context":"https:\/\/schema.org","@graph":[{"@type":"WebPage","@id":"https:\/\/nosamedkopia.hemsida.eu\/sv\/product\/the-protection-kit\/","url":"https:\/\/nosamedkopia.hemsida.eu\/sv\/product\/the-protection-kit\/","name":"The Protection Kit - NOSA med","isPartOf":{"@id":"https:\/\/nosamedkopia.hemsida.eu\/sv\/#website"},"datePublished":"2022-09-22T13:24:14+00:00","dateModified":"2023-03-29T13:12:32+00:00","description":"\"The Protection Kit\" inneh\u00e5ller 1 paket NOSA menthol plugs & 1 paket NOSA microbial control. K\u00f6p NOSAs kit's och f\u00e5 20% m\u00e4ngdrabatt.","breadcrumb":{"@id":"https:\/\/nosamedkopia.hemsida.eu\/sv\/product\/the-protection-kit\/#breadcrumb"},"inLanguage":"sv-SE","potentialAction":[{"@type":"ReadAction","target":["https:\/\/nosamedkopia.hemsida.eu\/sv\/product\/the-protection-kit\/"]}]},{"@type":"BreadcrumbList","@id":"https:\/\/nosamedkopia.hemsida.eu\/sv\/product\/the-protection-kit\/#breadcrumb","itemListElement":[{"@type":"ListItem","position":1,"name":"Home","item":"https:\/\/nosamedkopia.hemsida.eu\/sv\/"},{"@type":"ListItem","position":2,"name":"woocommerce-shop","item":"https:\/\/nosamedkopia.hemsida.eu\/sv\/woocommerce-shop\/"},{"@type":"ListItem","position":3,"name":"The Protection Kit"}]},{"@type":"WebSite","@id":"https:\/\/nosamedkopia.hemsida.eu\/sv\/#website","url":"https:\/\/nosamedkopia.hemsida.eu\/sv\/","name":"NOSA med","description":"Breathe with care","publisher":{"@id":"https:\/\/nosamedkopia.hemsida.eu\/sv\/#organization"},"potentialAction":[{"@type":"SearchAction","target":{"@type":"EntryPoint","urlTemplate":"https:\/\/nosamedkopia.hemsida.eu\/sv\/?s={search_term_string}"},"query-input":"required name=search_term_string"}],"inLanguage":"sv-SE"},{"@type":"Organization","@id":"https:\/\/nosamedkopia.hemsida.eu\/sv\/#organization","name":"NOSA","url":"https:\/\/nosamedkopia.hemsida.eu\/sv\/","logo":{"@type":"ImageObject","inLanguage":"sv-SE","@id":"https:\/\/nosamedkopia.hemsida.eu\/sv\/#\/schema\/logo\/image\/","url":"https:\/\/nosamedkopia.hemsida.eu\/wp-content\/uploads\/2020\/09\/nosalogga_3125c-med-kant-03-01-01-01.png","contentUrl":"https:\/\/nosamedkopia.hemsida.eu\/wp-content\/uploads\/2020\/09\/nosalogga_3125c-med-kant-03-01-01-01.png","width":647,"height":399,"caption":"NOSA"},"image":{"@id":"https:\/\/nosamedkopia.hemsida.eu\/sv\/#\/schema\/logo\/image\/"},"sameAs":["https:\/\/www.facebook.com\/nosaplugs","https:\/\/www.instagram.com\/nosa_med","https:\/\/www.linkedin.com\/company\/9313523"]}]}},"_links":{"self":[{"href":"https:\/\/nosamedkopia.hemsida.eu\/sv\/wp-json\/wp\/v3\/product\/1376836"}],"collection":[{"href":"https:\/\/nosamedkopia.hemsida.eu\/sv\/wp-json\/wp\/v3\/product"}],"about":[{"href":"https:\/\/nosamedkopia.hemsida.eu\/sv\/wp-json\/wp\/v2\/types\/product"}],"replies":[{"embeddable":true,"href":"https:\/\/nosamedkopia.hemsida.eu\/sv\/wp-json\/wp\/v2\/comments?post=1376836"}],"wp:featuredmedia":[{"embeddable":true,"href":"https:\/\/nosamedkopia.hemsida.eu\/sv\/wp-json\/wp\/v2\/media\/1376837"}],"wp:attachment":[{"href":"https:\/\/nosamedkopia.hemsida.eu\/sv\/wp-json\/wp\/v2\/media?parent=1376836"}],"wp:term":[{"taxonomy":"product_cat","embeddable":true,"href":"https:\/\/nosamedkopia.hemsida.eu\/sv\/wp-json\/wp\/v2\/product_cat?post=1376836"},{"taxonomy":"product_tag","embeddable":true,"href":"https:\/\/nosamedkopia.hemsida.eu\/sv\/wp-json\/wp\/v2\/product_tag?post=1376836"}],"curies":[{"name":"wp","href":"https:\/\/api.w.org\/{rel}","templated":true}]}}