{"id":1376660,"date":"2020-04-23T21:25:29","date_gmt":"2020-04-23T19:25:29","guid":{"rendered":"https:\/\/nosamedkopia.hemsida.eu\/pollution\/"},"modified":"2023-03-07T08:21:20","modified_gmt":"2023-03-07T07:21:20","slug":"pollution","status":"publish","type":"page","link":"https:\/\/nosamedkopia.hemsida.eu\/sv\/pollution\/","title":{"rendered":"Air Pollution"},"content":{"rendered":"<p>[et_pb_section fb_built=&#8221;1&#8243; _builder_version=&#8221;4.4.1&#8243;][et_pb_row column_structure=&#8221;3_5,2_5&#8243; _builder_version=&#8221;4.4.5&#8243; custom_margin=&#8221;-20px||||false|false&#8221;][et_pb_column type=&#8221;3_5&#8243; _builder_version=&#8221;4.4.1&#8243;][et_pb_text admin_label=&#8221;Headline&#8221; _builder_version=&#8221;4.4.6&#8243; header_font=&#8221;|300||on|||||&#8221; header_font_size=&#8221;36px&#8221; header_line_height=&#8221;1.3em&#8221; header_3_font=&#8221;||||||||&#8221; header_3_font_size=&#8221;26px&#8221; header_3_line_height=&#8221;1.3em&#8221; header_font_size_tablet=&#8221;&#8221; header_font_size_phone=&#8221;28px&#8221; header_font_size_last_edited=&#8221;on|phone&#8221;]<\/p>\n<h1>Smog<\/h1>\n<p>[\/et_pb_text][et_pb_text admin_label=&#8221;Smog&#8221; _builder_version=&#8221;4.4.6&#8243; text_font=&#8221;||||||||&#8221; text_line_height=&#8221;1.5em&#8221; header_2_font=&#8221;|600||on|||||&#8221; header_2_font_size=&#8221;28px&#8221; header_2_line_height=&#8221;1.3em&#8221; module_alignment=&#8221;center&#8221; custom_padding=&#8221;|100px|||false|false&#8221; custom_padding_tablet=&#8221;|0px|||false|false&#8221; custom_padding_phone=&#8221;&#8221; custom_padding_last_edited=&#8221;on|desktop&#8221;]<\/p>\n<p>Smog is a type of air pollution and comes from the words smoke and fog, which refers to smoky fog. This air pollution consists of nitrogen oxides, sulfur oxides, ozone, smoke or dirt particles and even less visible particles. Smog arises from carbon, vehicle and industrial emissions as well as forest fires etc.<\/p>\n<p>Today we also know that air pollution can react in the atmosphere with sunlight and form new pollutants sk. photochemical smog. Smog is very toxic and can cause serious illness, shortened life or death.<\/p>\n<p>[\/et_pb_text][\/et_pb_column][et_pb_column type=&#8221;2_5&#8243; _builder_version=&#8221;4.4.1&#8243;][et_pb_image src=&#8221;https:\/\/nosamedkopia.hemsida.eu\/wp-content\/uploads\/2020\/05\/pollution-smog.jpg&#8221; alt=&#8221;Pollution smog&#8221; admin_label=&#8221;Bild&#8221; _builder_version=&#8221;4.4.5&#8243; custom_padding=&#8221;30px||||false|false&#8221; custom_padding_tablet=&#8221;0px||||false|false&#8221; custom_padding_phone=&#8221;&#8221; custom_padding_last_edited=&#8221;on|desktop&#8221; animation_style=&#8221;fade&#8221;][\/et_pb_image][\/et_pb_column][\/et_pb_row][et_pb_row _builder_version=&#8221;4.4.1&#8243;][et_pb_column type=&#8221;4_4&#8243; _builder_version=&#8221;4.4.1&#8243;][et_pb_image src=&#8221;https:\/\/nosamedkopia.hemsida.eu\/wp-content\/uploads\/2020\/03\/separator.png&#8221; align=&#8221;center&#8221; admin_label=&#8221;Separator&#8221; _builder_version=&#8221;4.4.1&#8243;][\/et_pb_image][\/et_pb_column][\/et_pb_row][et_pb_row column_structure=&#8221;2_5,3_5&#8243; _builder_version=&#8221;4.4.5&#8243; custom_css_main_element=&#8221;display: flex;||flex-wrap: wrap;&#8221;][et_pb_column type=&#8221;2_5&#8243; _builder_version=&#8221;4.4.5&#8243; custom_css_main_element_last_edited=&#8221;on|phone&#8221; custom_css_main_element_phone=&#8221;order: 2;&#8221;][et_pb_image src=&#8221;https:\/\/nosamedkopia.hemsida.eu\/wp-content\/uploads\/2020\/05\/pollution.jpg&#8221; alt=&#8221;Pollution&#8221; align=&#8221;center&#8221; _builder_version=&#8221;4.4.5&#8243; custom_padding_tablet=&#8221;&#8221; custom_padding_phone=&#8221;40px||||false|false&#8221; custom_padding_last_edited=&#8221;on|phone&#8221; animation_style=&#8221;fade&#8221;][\/et_pb_image][\/et_pb_column][et_pb_column type=&#8221;3_5&#8243; _builder_version=&#8221;4.4.5&#8243; custom_css_main_element_last_edited=&#8221;on|phone&#8221; custom_css_main_element_phone=&#8221;order: 1;&#8221;][et_pb_text admin_label=&#8221;Varf\u00f6r \u00e4r det skadligt + F\u00f6ljdsjukdomar&#8221; _builder_version=&#8221;4.4.6&#8243; text_font=&#8221;||||||||&#8221; text_line_height=&#8221;1.5em&#8221; header_2_font=&#8221;|300||on|||||&#8221; header_2_font_size=&#8221;28px&#8221; header_2_line_height=&#8221;1.3em&#8221; module_alignment=&#8221;center&#8221; custom_padding=&#8221;|||40px|false|false&#8221; custom_padding_tablet=&#8221;|0px||0px|false|false&#8221; custom_padding_phone=&#8221;&#8221; custom_padding_last_edited=&#8221;on|phone&#8221;]<\/p>\n<h2>Why is it toxic?<\/h2>\n<p>The effect of inhaling pollution has shown to cause asthma, lung cancer, respiratory disease, cardiovascular disease, premature birth, birth defects, low birth weight and premature death. It can also increase the risk of as low birth weight and high blood pressure in children. Air pollution is estimated to result in 22,000-52,000 deaths per year in the US and about 3-4 million deaths globally each year (Source: WHO).<\/p>\n<h2>Sequela<\/h2>\n<p>In 2005, the World Health Organization (WHO) estimated that fine particulate air pollution (PM 2.5) causes about 3% of cardiovascular disease mortality, about 5% of trachea, bronchitis and lung mortality, and about 1% of acute respiratory infections mortality in children.<\/p>\n<p>&nbsp;<\/p>\n<p>[\/et_pb_text][\/et_pb_column][\/et_pb_row][\/et_pb_section][et_pb_section fb_built=&#8221;1&#8243; admin_label=&#8221;Newsletter English&#8221; _builder_version=&#8221;4.4.6&#8243; background_color=&#8221;#90cfd8&#8243; global_module=&#8221;1427&#8243; saved_tabs=&#8221;all&#8221;][et_pb_row _builder_version=&#8221;4.4.6&#8243; custom_margin=&#8221;-20px||-20px||false|false&#8221;][et_pb_column type=&#8221;4_4&#8243; _builder_version=&#8221;4.4.6&#8243;][et_pb_text admin_label=&#8221;Headline&#8221; _builder_version=&#8221;4.4.7&#8243; text_font_size=&#8221;21px&#8221; header_3_font=&#8221;|600||on|||||&#8221; header_3_text_align=&#8221;center&#8221; header_3_font_size=&#8221;28px&#8221; header_3_line_height=&#8221;1.3em&#8221; text_orientation=&#8221;center&#8221; background_layout=&#8221;dark&#8221;]<\/p>\n<h3>Newsletter<\/h3>\n<p>Sign up for our newsletter and get the latest news.<\/p>\n<p>[\/et_pb_text][et_pb_signup mailchimp_list=&#8221;info@nosaplugscom|de71bd53ff&#8221; first_name_field=&#8221;off&#8221; last_name_field=&#8221;off&#8221; success_message=&#8221;Thank you! You are now a subscriber.&#8221; _builder_version=&#8221;4.4.7&#8243; form_field_background_color=&#8221;#90cfd8&#8243; form_field_text_color=&#8221;#ffffff&#8221; form_field_font=&#8221;|600|||||||&#8221; background_enable_color=&#8221;off&#8221; custom_button=&#8221;on&#8221; button_text_color=&#8221;#ffffff&#8221; button_bg_color=&#8221;#00b6c8&#8243; button_border_width=&#8221;4px&#8221; button_border_color=&#8221;#00b6c8&#8243; button_border_radius=&#8221;60px&#8221; button_font=&#8221;|600||on|||||&#8221; button_use_icon=&#8221;off&#8221; custom_padding=&#8221;|170px||190px|false|false&#8221; custom_padding_tablet=&#8221;|100px||100px|false|false&#8221; custom_padding_phone=&#8221;|0px||0px|false|false&#8221; custom_padding_last_edited=&#8221;on|phone&#8221; border_radii_fields=&#8221;on|60px|60px|60px|60px&#8221; border_width_all_fields=&#8221;2px&#8221; border_color_all_fields=&#8221;#00B6C8&#8243; button_bg_color__hover_enabled=&#8221;on|hover&#8221; button_bg_color__hover=&#8221;#97D700&#8243; button_bg_enable_color__hover=&#8221;on&#8221; button_border_color__hover_enabled=&#8221;on|hover&#8221; button_border_color__hover=&#8221;#97D700&#8243;][\/et_pb_signup][\/et_pb_column][\/et_pb_row][\/et_pb_section]<\/p>\n","protected":false},"excerpt":{"rendered":"<p>Smog Smog is a type of air pollution and comes from the words smoke and fog, which refers to smoky fog. This air pollution consists of nitrogen oxides, sulfur oxides, ozone, smoke or dirt particles and even less visible particles. Smog arises from carbon, vehicle and industrial emissions as well as forest fires etc. Today [&hellip;]<\/p>\n","protected":false},"author":1,"featured_media":0,"parent":0,"menu_order":0,"comment_status":"closed","ping_status":"closed","template":"","meta":{"_et_pb_use_builder":"on","_et_pb_old_content":"","_et_gb_content_width":""},"aioseo_notices":[],"yoast_head":"<!-- This site is optimized with the Yoast SEO plugin v20.7 - https:\/\/yoast.com\/wordpress\/plugins\/seo\/ -->\n<title>Air Pollution - NOSA<\/title>\n<meta name=\"description\" content=\"Smog is a type of air pollution and comes from the words smoke and fog, which refers to smoky fog.\" \/>\n<meta name=\"robots\" content=\"noindex, follow, max-snippet:-1, max-image-preview:large, max-video-preview:-1\" \/>\n<meta property=\"og:locale\" content=\"sv_SE\" \/>\n<meta property=\"og:type\" content=\"article\" \/>\n<meta property=\"og:title\" content=\"Air Pollution - NOSA\" \/>\n<meta property=\"og:description\" content=\"Smog is a type of air pollution and comes from the words smoke and fog, which refers to smoky fog.\" \/>\n<meta property=\"og:url\" content=\"https:\/\/nosamedkopia.hemsida.eu\/sv\/pollution\/\" \/>\n<meta property=\"og:site_name\" content=\"NOSA med\" \/>\n<meta property=\"article:publisher\" content=\"https:\/\/www.facebook.com\/nosaplugs\" \/>\n<meta property=\"article:modified_time\" content=\"2023-03-07T07:21:20+00:00\" \/>\n<meta name=\"twitter:card\" content=\"summary_large_image\" \/>\n<meta name=\"twitter:label1\" content=\"Ber\u00e4knad l\u00e4stid\" \/>\n\t<meta name=\"twitter:data1\" content=\"2 minuter\" \/>\n<script type=\"application\/ld+json\" class=\"yoast-schema-graph\">{\"@context\":\"https:\/\/schema.org\",\"@graph\":[{\"@type\":\"WebPage\",\"@id\":\"https:\/\/nosamedkopia.hemsida.eu\/sv\/pollution\/\",\"url\":\"https:\/\/nosamedkopia.hemsida.eu\/sv\/pollution\/\",\"name\":\"Air Pollution - NOSA\",\"isPartOf\":{\"@id\":\"https:\/\/nosamedkopia.hemsida.eu\/sv\/#website\"},\"datePublished\":\"2020-04-23T19:25:29+00:00\",\"dateModified\":\"2023-03-07T07:21:20+00:00\",\"description\":\"Smog is a type of air pollution and comes from the words smoke and fog, which refers to smoky fog.\",\"breadcrumb\":{\"@id\":\"https:\/\/nosamedkopia.hemsida.eu\/sv\/pollution\/#breadcrumb\"},\"inLanguage\":\"sv-SE\",\"potentialAction\":[{\"@type\":\"ReadAction\",\"target\":[\"https:\/\/nosamedkopia.hemsida.eu\/sv\/pollution\/\"]}]},{\"@type\":\"BreadcrumbList\",\"@id\":\"https:\/\/nosamedkopia.hemsida.eu\/sv\/pollution\/#breadcrumb\",\"itemListElement\":[{\"@type\":\"ListItem\",\"position\":1,\"name\":\"Home\",\"item\":\"https:\/\/nosamedkopia.hemsida.eu\/sv\/\"},{\"@type\":\"ListItem\",\"position\":2,\"name\":\"Air Pollution\"}]},{\"@type\":\"WebSite\",\"@id\":\"https:\/\/nosamedkopia.hemsida.eu\/sv\/#website\",\"url\":\"https:\/\/nosamedkopia.hemsida.eu\/sv\/\",\"name\":\"NOSA med\",\"description\":\"Breathe with care\",\"publisher\":{\"@id\":\"https:\/\/nosamedkopia.hemsida.eu\/sv\/#organization\"},\"potentialAction\":[{\"@type\":\"SearchAction\",\"target\":{\"@type\":\"EntryPoint\",\"urlTemplate\":\"https:\/\/nosamedkopia.hemsida.eu\/sv\/?s={search_term_string}\"},\"query-input\":\"required name=search_term_string\"}],\"inLanguage\":\"sv-SE\"},{\"@type\":\"Organization\",\"@id\":\"https:\/\/nosamedkopia.hemsida.eu\/sv\/#organization\",\"name\":\"NOSA\",\"url\":\"https:\/\/nosamedkopia.hemsida.eu\/sv\/\",\"logo\":{\"@type\":\"ImageObject\",\"inLanguage\":\"sv-SE\",\"@id\":\"https:\/\/nosamedkopia.hemsida.eu\/sv\/#\/schema\/logo\/image\/\",\"url\":\"https:\/\/nosamedkopia.hemsida.eu\/wp-content\/uploads\/2020\/09\/nosalogga_3125c-med-kant-03-01-01-01.png\",\"contentUrl\":\"https:\/\/nosamedkopia.hemsida.eu\/wp-content\/uploads\/2020\/09\/nosalogga_3125c-med-kant-03-01-01-01.png\",\"width\":647,\"height\":399,\"caption\":\"NOSA\"},\"image\":{\"@id\":\"https:\/\/nosamedkopia.hemsida.eu\/sv\/#\/schema\/logo\/image\/\"},\"sameAs\":[\"https:\/\/www.facebook.com\/nosaplugs\",\"https:\/\/www.instagram.com\/nosa_med\",\"https:\/\/www.linkedin.com\/company\/9313523\"]}]}<\/script>\n<!-- \/ Yoast SEO plugin. -->","yoast_head_json":{"title":"Air Pollution - NOSA","description":"Smog is a type of air pollution and comes from the words smoke and fog, which refers to smoky fog.","robots":{"index":"noindex","follow":"follow","max-snippet":"max-snippet:-1","max-image-preview":"max-image-preview:large","max-video-preview":"max-video-preview:-1"},"og_locale":"sv_SE","og_type":"article","og_title":"Air Pollution - NOSA","og_description":"Smog is a type of air pollution and comes from the words smoke and fog, which refers to smoky fog.","og_url":"https:\/\/nosamedkopia.hemsida.eu\/sv\/pollution\/","og_site_name":"NOSA med","article_publisher":"https:\/\/www.facebook.com\/nosaplugs","article_modified_time":"2023-03-07T07:21:20+00:00","twitter_card":"summary_large_image","twitter_misc":{"Ber\u00e4knad l\u00e4stid":"2 minuter"},"schema":{"@context":"https:\/\/schema.org","@graph":[{"@type":"WebPage","@id":"https:\/\/nosamedkopia.hemsida.eu\/sv\/pollution\/","url":"https:\/\/nosamedkopia.hemsida.eu\/sv\/pollution\/","name":"Air Pollution - NOSA","isPartOf":{"@id":"https:\/\/nosamedkopia.hemsida.eu\/sv\/#website"},"datePublished":"2020-04-23T19:25:29+00:00","dateModified":"2023-03-07T07:21:20+00:00","description":"Smog is a type of air pollution and comes from the words smoke and fog, which refers to smoky fog.","breadcrumb":{"@id":"https:\/\/nosamedkopia.hemsida.eu\/sv\/pollution\/#breadcrumb"},"inLanguage":"sv-SE","potentialAction":[{"@type":"ReadAction","target":["https:\/\/nosamedkopia.hemsida.eu\/sv\/pollution\/"]}]},{"@type":"BreadcrumbList","@id":"https:\/\/nosamedkopia.hemsida.eu\/sv\/pollution\/#breadcrumb","itemListElement":[{"@type":"ListItem","position":1,"name":"Home","item":"https:\/\/nosamedkopia.hemsida.eu\/sv\/"},{"@type":"ListItem","position":2,"name":"Air Pollution"}]},{"@type":"WebSite","@id":"https:\/\/nosamedkopia.hemsida.eu\/sv\/#website","url":"https:\/\/nosamedkopia.hemsida.eu\/sv\/","name":"NOSA med","description":"Breathe with care","publisher":{"@id":"https:\/\/nosamedkopia.hemsida.eu\/sv\/#organization"},"potentialAction":[{"@type":"SearchAction","target":{"@type":"EntryPoint","urlTemplate":"https:\/\/nosamedkopia.hemsida.eu\/sv\/?s={search_term_string}"},"query-input":"required name=search_term_string"}],"inLanguage":"sv-SE"},{"@type":"Organization","@id":"https:\/\/nosamedkopia.hemsida.eu\/sv\/#organization","name":"NOSA","url":"https:\/\/nosamedkopia.hemsida.eu\/sv\/","logo":{"@type":"ImageObject","inLanguage":"sv-SE","@id":"https:\/\/nosamedkopia.hemsida.eu\/sv\/#\/schema\/logo\/image\/","url":"https:\/\/nosamedkopia.hemsida.eu\/wp-content\/uploads\/2020\/09\/nosalogga_3125c-med-kant-03-01-01-01.png","contentUrl":"https:\/\/nosamedkopia.hemsida.eu\/wp-content\/uploads\/2020\/09\/nosalogga_3125c-med-kant-03-01-01-01.png","width":647,"height":399,"caption":"NOSA"},"image":{"@id":"https:\/\/nosamedkopia.hemsida.eu\/sv\/#\/schema\/logo\/image\/"},"sameAs":["https:\/\/www.facebook.com\/nosaplugs","https:\/\/www.instagram.com\/nosa_med","https:\/\/www.linkedin.com\/company\/9313523"]}]}},"_links":{"self":[{"href":"https:\/\/nosamedkopia.hemsida.eu\/sv\/wp-json\/wp\/v2\/pages\/1376660"}],"collection":[{"href":"https:\/\/nosamedkopia.hemsida.eu\/sv\/wp-json\/wp\/v2\/pages"}],"about":[{"href":"https:\/\/nosamedkopia.hemsida.eu\/sv\/wp-json\/wp\/v2\/types\/page"}],"author":[{"embeddable":true,"href":"https:\/\/nosamedkopia.hemsida.eu\/sv\/wp-json\/wp\/v2\/users\/1"}],"replies":[{"embeddable":true,"href":"https:\/\/nosamedkopia.hemsida.eu\/sv\/wp-json\/wp\/v2\/comments?post=1376660"}],"version-history":[{"count":1,"href":"https:\/\/nosamedkopia.hemsida.eu\/sv\/wp-json\/wp\/v2\/pages\/1376660\/revisions"}],"predecessor-version":[{"id":1376661,"href":"https:\/\/nosamedkopia.hemsida.eu\/sv\/wp-json\/wp\/v2\/pages\/1376660\/revisions\/1376661"}],"wp:attachment":[{"href":"https:\/\/nosamedkopia.hemsida.eu\/sv\/wp-json\/wp\/v2\/media?parent=1376660"}],"curies":[{"name":"wp","href":"https:\/\/api.w.org\/{rel}","templated":true}]}}