{"id":8463,"date":"2020-04-23T21:26:11","date_gmt":"2020-04-23T19:26:11","guid":{"rendered":"https:\/\/nosamedkopia.hemsida.eu\/?page_id=8463"},"modified":"2020-11-12T11:24:03","modified_gmt":"2020-11-12T10:24:03","slug":"mauvaise-odeur","status":"publish","type":"page","link":"https:\/\/nosamedkopia.hemsida.eu\/fr\/mauvaise-odeur\/","title":{"rendered":"Mauvaise odeur"},"content":{"rendered":"<p>[et_pb_section fb_built=&#8221;1&#8243; _builder_version=&#8221;4.4.1&#8243;][et_pb_row column_structure=&#8221;3_5,2_5&#8243; _builder_version=&#8221;4.4.5&#8243; custom_margin=&#8221;-20px||||false|false&#8221; collapsed=&#8221;off&#8221;][et_pb_column type=&#8221;3_5&#8243; _builder_version=&#8221;4.4.1&#8243;][et_pb_text admin_label=&#8221;Headline&#8221; _builder_version=&#8221;4.6.6&#8243; header_font=&#8221;|300||on|||||&#8221; header_font_size=&#8221;36px&#8221; header_line_height=&#8221;1.3em&#8221; header_3_font=&#8221;||||||||&#8221; header_3_font_size=&#8221;26px&#8221; header_3_line_height=&#8221;1.3em&#8221; hover_enabled=&#8221;0&#8243; header_font_size_phone=&#8221;28px&#8221; header_font_size_last_edited=&#8221;off|desktop&#8221; sticky_enabled=&#8221;0&#8243;]<\/p>\n<h1>Mauvaise odeur<\/h1>\n<p>[\/et_pb_text][et_pb_text admin_label=&#8221;Text&#8221; _builder_version=&#8221;4.6.6&#8243; text_font=&#8221;||||||||&#8221; text_line_height=&#8221;1.5em&#8221; header_2_font=&#8221;|600||on|||||&#8221; header_2_font_size=&#8221;28px&#8221; header_2_line_height=&#8221;1.3em&#8221; module_alignment=&#8221;center&#8221; custom_padding=&#8221;|100px|||false|false&#8221; custom_padding_tablet=&#8221;|0px|||false|false&#8221; custom_padding_phone=&#8221;&#8221; custom_padding_last_edited=&#8221;on|desktop&#8221; hover_enabled=&#8221;0&#8243; sticky_enabled=&#8221;0&#8243;]<\/p>\n<p>La mauvaise odeur est un probl\u00e8me qui touche de nombreuses personnes chaque jour dans le monde. L&#8217;odeur peut se produire de diff\u00e9rentes mani\u00e8res, mais elle est souvent due \u00e0 la formation bact\u00e9rienne qui d\u00e9compose divers tissus organiques et donne un gaz per\u00e7u comme une odeur. Le soufre et l&#8217;azote sont g\u00e9n\u00e9ralement per\u00e7us comme \u00e9tant plus stressants pour les humains, par rapport aux autres animaux.<\/p>\n<p>Le nez humain se compose de milliers de r\u00e9cepteurs qui capturent les mol\u00e9cules et les convertissent en neurotransmetteur dans le cerveau, cr\u00e9ant ainsi un odorat. Une personne a environ 650 types de r\u00e9cepteurs diff\u00e9rents qui peuvent percevoir environ 10 000 odeurs diff\u00e9rentes. On estime que 80% d&#8217;entre eux sont n\u00e9gatifs, c&#8217;est-\u00e0-dire une mauvaise odeur.<\/p>\n<p>[\/et_pb_text][\/et_pb_column][et_pb_column type=&#8221;2_5&#8243; _builder_version=&#8221;4.4.1&#8243;][et_pb_image src=&#8221;https:\/\/nosamedkopia.hemsida.eu\/wp-content\/uploads\/2020\/05\/bad-odor-1.jpg&#8221; alt=&#8221;Bad odor&#8221; admin_label=&#8221;Bild&#8221; _builder_version=&#8221;4.4.5&#8243; custom_padding=&#8221;30px||||false|false&#8221; custom_padding_tablet=&#8221;0px||||false|false&#8221; custom_padding_phone=&#8221;&#8221; custom_padding_last_edited=&#8221;on|desktop&#8221; animation_style=&#8221;fade&#8221;][\/et_pb_image][\/et_pb_column][\/et_pb_row][et_pb_row _builder_version=&#8221;4.4.1&#8243;][et_pb_column type=&#8221;4_4&#8243; _builder_version=&#8221;4.4.1&#8243;][et_pb_image src=&#8221;https:\/\/nosamedkopia.hemsida.eu\/wp-content\/uploads\/2020\/03\/separator.png&#8221; align=&#8221;center&#8221; admin_label=&#8221;Separator&#8221; _builder_version=&#8221;4.4.1&#8243;][\/et_pb_image][\/et_pb_column][\/et_pb_row][et_pb_row column_structure=&#8221;2_5,3_5&#8243; _builder_version=&#8221;4.4.5&#8243; custom_css_main_element=&#8221;display: flex;||flex-wrap: wrap;&#8221;][et_pb_column type=&#8221;2_5&#8243; _builder_version=&#8221;4.4.5&#8243; custom_css_main_element_last_edited=&#8221;on|phone&#8221; custom_css_main_element_phone=&#8221;order: 2;&#8221;][et_pb_image src=&#8221;https:\/\/nosamedkopia.hemsida.eu\/wp-content\/uploads\/2020\/05\/bad-odor-2.jpg&#8221; alt=&#8221;Bad odor&#8221; align=&#8221;center&#8221; _builder_version=&#8221;4.4.5&#8243; custom_padding_tablet=&#8221;&#8221; custom_padding_phone=&#8221;40px||||false|false&#8221; custom_padding_last_edited=&#8221;on|phone&#8221; animation_style=&#8221;fade&#8221;][\/et_pb_image][\/et_pb_column][et_pb_column type=&#8221;3_5&#8243; _builder_version=&#8221;4.4.5&#8243; custom_css_main_element_last_edited=&#8221;on|phone&#8221; custom_css_main_element_phone=&#8221;order: 1;&#8221;][et_pb_text admin_label=&#8221;Utsatta yrkesgrupper&#8221; _builder_version=&#8221;4.6.6&#8243; text_font=&#8221;||||||||&#8221; text_line_height=&#8221;1.5em&#8221; header_2_font=&#8221;|300||on|||||&#8221; header_2_font_size=&#8221;28px&#8221; header_2_line_height=&#8221;1.3em&#8221; module_alignment=&#8221;center&#8221; custom_padding=&#8221;|||40px|false|false&#8221; custom_padding_tablet=&#8221;|0px||0px|false|false&#8221; custom_padding_phone=&#8221;&#8221; custom_padding_last_edited=&#8221;on|phone&#8221; hover_enabled=&#8221;0&#8243; sticky_enabled=&#8221;0&#8243;]<\/p>\n<h2>Groupes professionnels expos\u00e9s<\/h2>\n<p>De nombreuses professions diff\u00e9rentes souffrent de mauvaises odeurs dans leur vie quotidienne. Les groupes communs sont le personnel infirmier (infirmi\u00e8res et infirmi\u00e8res auxiliaires) dans les h\u00f4pitaux, les soins \u00e0 domicile, les soins aux personnes \u00e2g\u00e9es et les ambulances. D&#8217;autres professions, telles que la police, les services d&#8217;urgence, les dentistes, les nettoyeurs, les \u00e9ducateurs pr\u00e9scolaires et les travailleurs industriels sont \u00e9galement largement expos\u00e9es \u00e0 des situations malodorantes dans leur profession.<\/p>\n<p>Les causes courantes de la mauvaise odeur sont l&#8217;incontinence, les ulc\u00e8res et autres odeurs corporelles.[\/et_pb_text][\/et_pb_column][\/et_pb_row][\/et_pb_section][et_pb_section fb_built=&#8221;1&#8243; admin_label=&#8221;Newsletter French&#8221; _builder_version=&#8221;4.6.6&#8243; background_color=&#8221;#90cfd8&#8243; saved_tabs=&#8221;all&#8221; global_module=&#8221;8416&#8243;][et_pb_row _builder_version=&#8221;4.4.6&#8243; custom_margin=&#8221;-20px||-20px||false|false&#8221;][et_pb_column type=&#8221;4_4&#8243; _builder_version=&#8221;4.4.6&#8243;][et_pb_text admin_label=&#8221;Headline&#8221; _builder_version=&#8221;4.6.6&#8243; text_font_size=&#8221;21px&#8221; header_3_font=&#8221;|600||on|||||&#8221; header_3_text_align=&#8221;center&#8221; header_3_font_size=&#8221;28px&#8221; header_3_line_height=&#8221;1.3em&#8221; text_orientation=&#8221;center&#8221; background_layout=&#8221;dark&#8221;]<\/p>\n<h3>Newsletter<\/h3>\n<p>Inscrivez-vous \u00e0 notre newsletter et recevez les derni\u00e8res nouvelles.<\/p>\n<p>[\/et_pb_text][et_pb_signup mailchimp_list=&#8221;info@nosaplugscom|de71bd53ff&#8221; first_name_field=&#8221;off&#8221; last_name_field=&#8221;off&#8221; success_message=&#8221;Thank you! You are now a subscriber.&#8221; _builder_version=&#8221;4.6.6&#8243; form_field_background_color=&#8221;#90cfd8&#8243; form_field_text_color=&#8221;#ffffff&#8221; form_field_font=&#8221;|600|||||||&#8221; background_enable_color=&#8221;off&#8221; custom_button=&#8221;on&#8221; button_text_color=&#8221;#ffffff&#8221; button_bg_color=&#8221;#00b6c8&#8243; button_border_width=&#8221;4px&#8221; button_border_color=&#8221;#00b6c8&#8243; button_border_radius=&#8221;60px&#8221; button_font=&#8221;|600||on|||||&#8221; button_use_icon=&#8221;off&#8221; custom_padding=&#8221;|170px||190px|false|false&#8221; custom_padding_tablet=&#8221;|100px||100px|false|false&#8221; custom_padding_phone=&#8221;|0px||0px|false|false&#8221; custom_padding_last_edited=&#8221;on|phone&#8221; border_radii_fields=&#8221;on|60px|60px|60px|60px&#8221; border_width_all_fields=&#8221;2px&#8221; border_color_all_fields=&#8221;#00B6C8&#8243; button_bg_color__hover_enabled=&#8221;on|hover&#8221; button_bg_color__hover=&#8221;#97D700&#8243; button_bg_enable_color__hover=&#8221;on&#8221; button_border_color__hover_enabled=&#8221;on|hover&#8221; button_border_color__hover=&#8221;#97D700&#8243;][\/et_pb_signup][\/et_pb_column][\/et_pb_row][\/et_pb_section]<\/p>\n","protected":false},"excerpt":{"rendered":"<p>Mauvaise odeurLa mauvaise odeur est un probl\u00e8me qui touche de nombreuses personnes chaque jour dans le monde. L&#8217;odeur peut se produire de diff\u00e9rentes mani\u00e8res, mais elle est souvent due \u00e0 la formation bact\u00e9rienne qui d\u00e9compose divers tissus organiques et donne un gaz per\u00e7u comme une odeur. Le soufre et l&#8217;azote sont g\u00e9n\u00e9ralement per\u00e7us comme \u00e9tant [&hellip;]<\/p>\n","protected":false},"author":1,"featured_media":0,"parent":0,"menu_order":0,"comment_status":"closed","ping_status":"closed","template":"","meta":{"_et_pb_use_builder":"on","_et_pb_old_content":"","_et_gb_content_width":""},"aioseo_notices":[],"yoast_head":"<!-- This site is optimized with the Yoast SEO plugin v20.7 - https:\/\/yoast.com\/wordpress\/plugins\/seo\/ -->\n<title>Mauvaise odeur - NOSA<\/title>\n<meta name=\"description\" content=\"Bad odor can occur in different ways, but often it is due to bacterial formation that breaks down various organic tissues\" \/>\n<meta name=\"robots\" content=\"noindex, follow, max-snippet:-1, max-image-preview:large, max-video-preview:-1\" \/>\n<meta property=\"og:locale\" content=\"fr_FR\" \/>\n<meta property=\"og:type\" content=\"article\" \/>\n<meta property=\"og:title\" content=\"Mauvaise odeur - NOSA\" \/>\n<meta property=\"og:description\" content=\"Bad odor can occur in different ways, but often it is due to bacterial formation that breaks down various organic tissues\" \/>\n<meta property=\"og:url\" content=\"https:\/\/nosamedkopia.hemsida.eu\/fr\/mauvaise-odeur\/\" \/>\n<meta property=\"og:site_name\" content=\"NOSA med\" \/>\n<meta property=\"article:publisher\" content=\"https:\/\/www.facebook.com\/nosaplugs\" \/>\n<meta property=\"article:modified_time\" content=\"2020-11-12T10:24:03+00:00\" \/>\n<meta name=\"twitter:card\" content=\"summary_large_image\" \/>\n<meta name=\"twitter:label1\" content=\"Dur\u00e9e de lecture estim\u00e9e\" \/>\n\t<meta name=\"twitter:data1\" content=\"4 minutes\" \/>\n<script type=\"application\/ld+json\" class=\"yoast-schema-graph\">{\"@context\":\"https:\/\/schema.org\",\"@graph\":[{\"@type\":\"WebPage\",\"@id\":\"https:\/\/nosamedkopia.hemsida.eu\/fr\/mauvaise-odeur\/\",\"url\":\"https:\/\/nosamedkopia.hemsida.eu\/fr\/mauvaise-odeur\/\",\"name\":\"Mauvaise odeur - NOSA\",\"isPartOf\":{\"@id\":\"https:\/\/nosamedkopia.hemsida.eu\/fr\/#website\"},\"datePublished\":\"2020-04-23T19:26:11+00:00\",\"dateModified\":\"2020-11-12T10:24:03+00:00\",\"description\":\"Bad odor can occur in different ways, but often it is due to bacterial formation that breaks down various organic tissues\",\"breadcrumb\":{\"@id\":\"https:\/\/nosamedkopia.hemsida.eu\/fr\/mauvaise-odeur\/#breadcrumb\"},\"inLanguage\":\"fr-FR\",\"potentialAction\":[{\"@type\":\"ReadAction\",\"target\":[\"https:\/\/nosamedkopia.hemsida.eu\/fr\/mauvaise-odeur\/\"]}]},{\"@type\":\"BreadcrumbList\",\"@id\":\"https:\/\/nosamedkopia.hemsida.eu\/fr\/mauvaise-odeur\/#breadcrumb\",\"itemListElement\":[{\"@type\":\"ListItem\",\"position\":1,\"name\":\"Home\",\"item\":\"https:\/\/nosamedkopia.hemsida.eu\/fr\/\"},{\"@type\":\"ListItem\",\"position\":2,\"name\":\"Mauvaise odeur\"}]},{\"@type\":\"WebSite\",\"@id\":\"https:\/\/nosamedkopia.hemsida.eu\/fr\/#website\",\"url\":\"https:\/\/nosamedkopia.hemsida.eu\/fr\/\",\"name\":\"NOSA med\",\"description\":\"Breathe with care\",\"publisher\":{\"@id\":\"https:\/\/nosamedkopia.hemsida.eu\/fr\/#organization\"},\"potentialAction\":[{\"@type\":\"SearchAction\",\"target\":{\"@type\":\"EntryPoint\",\"urlTemplate\":\"https:\/\/nosamedkopia.hemsida.eu\/fr\/?s={search_term_string}\"},\"query-input\":\"required name=search_term_string\"}],\"inLanguage\":\"fr-FR\"},{\"@type\":\"Organization\",\"@id\":\"https:\/\/nosamedkopia.hemsida.eu\/fr\/#organization\",\"name\":\"NOSA\",\"url\":\"https:\/\/nosamedkopia.hemsida.eu\/fr\/\",\"logo\":{\"@type\":\"ImageObject\",\"inLanguage\":\"fr-FR\",\"@id\":\"https:\/\/nosamedkopia.hemsida.eu\/fr\/#\/schema\/logo\/image\/\",\"url\":\"https:\/\/nosamedkopia.hemsida.eu\/wp-content\/uploads\/2020\/09\/nosalogga_3125c-med-kant-03-01-01-01.png\",\"contentUrl\":\"https:\/\/nosamedkopia.hemsida.eu\/wp-content\/uploads\/2020\/09\/nosalogga_3125c-med-kant-03-01-01-01.png\",\"width\":647,\"height\":399,\"caption\":\"NOSA\"},\"image\":{\"@id\":\"https:\/\/nosamedkopia.hemsida.eu\/fr\/#\/schema\/logo\/image\/\"},\"sameAs\":[\"https:\/\/www.facebook.com\/nosaplugs\",\"https:\/\/www.instagram.com\/nosa_med\",\"https:\/\/www.linkedin.com\/company\/9313523\"]}]}<\/script>\n<!-- \/ Yoast SEO plugin. -->","yoast_head_json":{"title":"Mauvaise odeur - NOSA","description":"Bad odor can occur in different ways, but often it is due to bacterial formation that breaks down various organic tissues","robots":{"index":"noindex","follow":"follow","max-snippet":"max-snippet:-1","max-image-preview":"max-image-preview:large","max-video-preview":"max-video-preview:-1"},"og_locale":"fr_FR","og_type":"article","og_title":"Mauvaise odeur - NOSA","og_description":"Bad odor can occur in different ways, but often it is due to bacterial formation that breaks down various organic tissues","og_url":"https:\/\/nosamedkopia.hemsida.eu\/fr\/mauvaise-odeur\/","og_site_name":"NOSA med","article_publisher":"https:\/\/www.facebook.com\/nosaplugs","article_modified_time":"2020-11-12T10:24:03+00:00","twitter_card":"summary_large_image","twitter_misc":{"Dur\u00e9e de lecture estim\u00e9e":"4 minutes"},"schema":{"@context":"https:\/\/schema.org","@graph":[{"@type":"WebPage","@id":"https:\/\/nosamedkopia.hemsida.eu\/fr\/mauvaise-odeur\/","url":"https:\/\/nosamedkopia.hemsida.eu\/fr\/mauvaise-odeur\/","name":"Mauvaise odeur - NOSA","isPartOf":{"@id":"https:\/\/nosamedkopia.hemsida.eu\/fr\/#website"},"datePublished":"2020-04-23T19:26:11+00:00","dateModified":"2020-11-12T10:24:03+00:00","description":"Bad odor can occur in different ways, but often it is due to bacterial formation that breaks down various organic tissues","breadcrumb":{"@id":"https:\/\/nosamedkopia.hemsida.eu\/fr\/mauvaise-odeur\/#breadcrumb"},"inLanguage":"fr-FR","potentialAction":[{"@type":"ReadAction","target":["https:\/\/nosamedkopia.hemsida.eu\/fr\/mauvaise-odeur\/"]}]},{"@type":"BreadcrumbList","@id":"https:\/\/nosamedkopia.hemsida.eu\/fr\/mauvaise-odeur\/#breadcrumb","itemListElement":[{"@type":"ListItem","position":1,"name":"Home","item":"https:\/\/nosamedkopia.hemsida.eu\/fr\/"},{"@type":"ListItem","position":2,"name":"Mauvaise odeur"}]},{"@type":"WebSite","@id":"https:\/\/nosamedkopia.hemsida.eu\/fr\/#website","url":"https:\/\/nosamedkopia.hemsida.eu\/fr\/","name":"NOSA med","description":"Breathe with care","publisher":{"@id":"https:\/\/nosamedkopia.hemsida.eu\/fr\/#organization"},"potentialAction":[{"@type":"SearchAction","target":{"@type":"EntryPoint","urlTemplate":"https:\/\/nosamedkopia.hemsida.eu\/fr\/?s={search_term_string}"},"query-input":"required name=search_term_string"}],"inLanguage":"fr-FR"},{"@type":"Organization","@id":"https:\/\/nosamedkopia.hemsida.eu\/fr\/#organization","name":"NOSA","url":"https:\/\/nosamedkopia.hemsida.eu\/fr\/","logo":{"@type":"ImageObject","inLanguage":"fr-FR","@id":"https:\/\/nosamedkopia.hemsida.eu\/fr\/#\/schema\/logo\/image\/","url":"https:\/\/nosamedkopia.hemsida.eu\/wp-content\/uploads\/2020\/09\/nosalogga_3125c-med-kant-03-01-01-01.png","contentUrl":"https:\/\/nosamedkopia.hemsida.eu\/wp-content\/uploads\/2020\/09\/nosalogga_3125c-med-kant-03-01-01-01.png","width":647,"height":399,"caption":"NOSA"},"image":{"@id":"https:\/\/nosamedkopia.hemsida.eu\/fr\/#\/schema\/logo\/image\/"},"sameAs":["https:\/\/www.facebook.com\/nosaplugs","https:\/\/www.instagram.com\/nosa_med","https:\/\/www.linkedin.com\/company\/9313523"]}]}},"_links":{"self":[{"href":"https:\/\/nosamedkopia.hemsida.eu\/fr\/wp-json\/wp\/v2\/pages\/8463"}],"collection":[{"href":"https:\/\/nosamedkopia.hemsida.eu\/fr\/wp-json\/wp\/v2\/pages"}],"about":[{"href":"https:\/\/nosamedkopia.hemsida.eu\/fr\/wp-json\/wp\/v2\/types\/page"}],"author":[{"embeddable":true,"href":"https:\/\/nosamedkopia.hemsida.eu\/fr\/wp-json\/wp\/v2\/users\/1"}],"replies":[{"embeddable":true,"href":"https:\/\/nosamedkopia.hemsida.eu\/fr\/wp-json\/wp\/v2\/comments?post=8463"}],"version-history":[{"count":2,"href":"https:\/\/nosamedkopia.hemsida.eu\/fr\/wp-json\/wp\/v2\/pages\/8463\/revisions"}],"predecessor-version":[{"id":8468,"href":"https:\/\/nosamedkopia.hemsida.eu\/fr\/wp-json\/wp\/v2\/pages\/8463\/revisions\/8468"}],"wp:attachment":[{"href":"https:\/\/nosamedkopia.hemsida.eu\/fr\/wp-json\/wp\/v2\/media?parent=8463"}],"curies":[{"name":"wp","href":"https:\/\/api.w.org\/{rel}","templated":true}]}}