{"id":12929,"date":"2022-05-03T23:11:31","date_gmt":"2022-05-03T21:11:31","guid":{"rendered":"https:\/\/nosamedkopia.hemsida.eu\/?page_id=12929"},"modified":"2022-05-05T17:11:44","modified_gmt":"2022-05-05T15:11:44","slug":"conditions-generales-dachats","status":"publish","type":"page","link":"https:\/\/nosamedkopia.hemsida.eu\/fr\/conditions-generales-dachats\/","title":{"rendered":"Conditions g\u00e9n\u00e9rales d&#8217;achats"},"content":{"rendered":"<p>[et_pb_section fb_built=&#8221;1&#8243; _builder_version=&#8221;4.16&#8243; da_disable_devices=&#8221;off|off|off&#8221; global_colors_info=&#8221;{}&#8221; da_is_popup=&#8221;off&#8221; da_exit_intent=&#8221;off&#8221; da_has_close=&#8221;on&#8221; da_alt_close=&#8221;off&#8221; da_dark_close=&#8221;off&#8221; da_not_modal=&#8221;on&#8221; da_is_singular=&#8221;off&#8221; da_with_loader=&#8221;off&#8221; da_has_shadow=&#8221;on&#8221;][et_pb_row custom_padding_last_edited=&#8221;on|phone&#8221; _builder_version=&#8221;4.16&#8243; custom_margin=&#8221;-20px||||false|false&#8221; custom_padding=&#8221;|100px||100px|false|false&#8221; custom_padding_tablet=&#8221;|0px||0px|false|false&#8221; custom_padding_phone=&#8221;&#8221; global_colors_info=&#8221;{}&#8221;][et_pb_column type=&#8221;4_4&#8243; _builder_version=&#8221;4.16&#8243; global_colors_info=&#8221;{}&#8221;][et_pb_text admin_label=&#8221;Headline&#8221; _builder_version=&#8221;4.17.3&#8243; header_font=&#8221;|300||on|||||&#8221; header_font_size=&#8221;36px&#8221; header_line_height=&#8221;1.3em&#8221; header_3_font=&#8221;||||||||&#8221; header_3_font_size=&#8221;26px&#8221; header_3_line_height=&#8221;1.3em&#8221; text_orientation=&#8221;center&#8221; header_font_size_tablet=&#8221;&#8221; header_font_size_phone=&#8221;28px&#8221; header_font_size_last_edited=&#8221;on|phone&#8221; global_colors_info=&#8221;{}&#8221;]<\/p>\n<h1>Conditions g\u00e9n\u00e9rales d&#8217;achats<\/h1>\n<p>[\/et_pb_text][et_pb_text admin_label=&#8221;G\u00e9n\u00e9ralement&#8221; _builder_version=&#8221;4.17.3&#8243; text_font=&#8221;||||||||&#8221; text_line_height=&#8221;1.5em&#8221; header_2_font=&#8221;|300|||||||&#8221; header_2_font_size=&#8221;30px&#8221; header_2_line_height=&#8221;1.3em&#8221; header_3_font=&#8221;|300|||||||&#8221; header_3_font_size=&#8221;24px&#8221; header_3_line_height=&#8221;1.3em&#8221; module_alignment=&#8221;center&#8221; custom_padding=&#8221;|100px|||false|false&#8221; custom_padding_tablet=&#8221;|0px|||false|false&#8221; custom_padding_phone=&#8221;&#8221; custom_padding_last_edited=&#8221;on|desktop&#8221; global_colors_info=&#8221;{}&#8221;]<\/p>\n<h1>G\u00e9n\u00e9ralement<\/h1>\n<p>NoseOption AB (\u201dNOSA\u201d) vend des biens via internet \u00e0 des particuliers en France et en Belgique.\u00a0Pour magasiner avec nous, vous devez \u00eatre \u00e2g\u00e9 d\u2019au moins 18 ans et avoir une pi\u00e8ce d\u2019identit\u00e9 valide dans les pays mentionn\u00e9s ci-dessus pour les envois de colis. Si vous avez moins de 18 ans, vous devez avoir obtenu le consentement de votre tuteur pour votre achat. Pour les achats par carte o\u00f9 le client est mineur, le c\u00e9dant est responsable de la carte.\u00a0NOSA vend \u00e0 la fois des dispositifs m\u00e9dicaux et d\u2019autres produits. Les dispositifs m\u00e9dicaux sont marqu\u00e9s CE et approuv\u00e9s pour la vente dans l\u2019UE. Les produits doivent \u00eatre utilis\u00e9s conform\u00e9ment aux instructions figurant sur l\u2019emballage et le site Web.<\/p>\n<h2>Garantie<\/h2>\n<p>Si l\u2019emballage ou les produits \u00e0 l\u2019int\u00e9rieur sont endommag\u00e9s \u00e0 la livraison, vous avez droit au remplacement du produit. L\u2019emballage ou les produits ne doivent pas avoir \u00e9t\u00e9 endommag\u00e9s par vous en tant que consommateur et la garantie ne s\u2019applique que si votre commande est d\u00e9j\u00e0 endommag\u00e9e lorsqu\u2019elle vous est livr\u00e9e.<br \/>NOSA garantit \u00e9galement une qualit\u00e9 et une fonctionnalit\u00e9 compl\u00e8tes du produit tout au long de sa dur\u00e9e de conservation.<\/p>\n<p>Si vous avez des commentaires sur nos produits, n\u2019h\u00e9sitez pas \u00e0 nous contacter \u00e0 l\u2019adresse <a href=\"mailto:info@nosamed.hemsida.eu\">customerservice@nosamed.hemsida.eu<\/a>.<\/p>\n<h2>Commande<\/h2>\n<p>La commande est pass\u00e9e sur notre site web www.nosamed.com. Si vous avez des questions sur la fa\u00e7on de commander, n\u2019h\u00e9sitez pas \u00e0 nous contacter au <a href=\"mailto:info@nosamed.hemsida.eu\">customerservice@nosamed.hemsida.eu<\/a> ou appelez au t\u00e9l\u00e9phone <a href=\"tel:0771112000\">+46 (0)771 112 000<\/a>.<\/p>\n<p>La commande termin\u00e9e signifie que vous acceptez nos conditions d\u2019achat et acceptez que votre nom, num\u00e9ro de t\u00e9l\u00e9phone, adresse e-mail et adresse de livraison soient enregistr\u00e9s dans notre registre des clients. \u00a0Vous pouvez en savoir plus sur la fa\u00e7on dont nous traitons les donn\u00e9es personnelles dans le chapitre Donn\u00e9es personnelles.<\/p>\n<p>Un contrat d\u2019achat n\u2019est conclu que lorsque nous avons confirm\u00e9 la commande en envoyant une confirmation de commande \u00e0 l\u2019adresse e-mail que vous avez fournie lors de la commande. Nous nous r\u00e9servons le droit de corriger les commandes si la livraison pour quelque raison que ce soit ne peut avoir lieu. \u00a0Si vous avez pass\u00e9 plusieurs commandes, nous nous r\u00e9servons le droit de fusionner vos commandes et de les livrer en un seul colis.<\/p>\n<h2>Prix et images de produits<\/h2>\n<p>Tous les prix sont indiqu\u00e9s en euros, TVA comprise. \u00a0La livraison au sein de l\u2019UE est gratuite pour vous en tant que client.<\/p>\n<p>Les images du produit sur le site Web ne garantissent pas que l\u2019apparence et la nature exactes du produit seront reproduites. Nous nous r\u00e9servons le droit de toute erreur dans les informations sur les produits et nous nous r\u00e9servons le droit de modifier les informations et les prix des produits sans pr\u00e9avis.<\/p>\n<p>NOSA se r\u00e9serve le droit de toute erreur dans les informations sur les prix et les produits ou autrement sur le site Web.\u00a0En cas d\u2019inexactitude, NOSA se r\u00e9serve \u00a0le droit de les corriger r\u00e9trospectivement. Nous nous r\u00e9servons le droit d\u2019effectuer des ajustements de prix, des ventes finales, des diff\u00e9rences de stock, des probl\u00e8mes techniques, des modifications des sp\u00e9cifications techniques et toute erreur typographique sur notre site ou dans nos publicit\u00e9s. Nous nous r\u00e9servons le droit d\u2019annuler les commandes incorrectes.<\/p>\n<h2>Donn\u00e9es personnelles<\/h2>\n<p>Dans le cadre de votre commande et\/ou de l\u2019enregistrement de votre compte, vous acceptez que nous conservions et utilisions vos donn\u00e9es dans notre entreprise pendant une p\u00e9riode maximale d\u2019un (1) an \u00a0pour compl\u00e9ter et fournir le service que vous pouvez attendre de nous. Tous les traitements de donn\u00e9es personnelles ont lieu conform\u00e9ment au RGPD.<\/p>\n<p>Les informations que vous fournissez sur vous-m\u00eame sont utilis\u00e9es par NOSA et nos partenaires pour le paiement et la livraison. En savoir plus sur la fa\u00e7on dont nous traitons vos donn\u00e9es personnelles dans notre <a href=\"https:\/\/nosamedkopia.hemsida.eu\/se\/integritetspolicy\/\">politique de confidentialit\u00e9.<\/a><\/p>\n<p>Nous nous r\u00e9servons le droit d\u2019annuler les commandes qui contiennent des donn\u00e9es personnelles incorrectes ou lorsque le client a des remarques de paiement.<\/p>\n<h2>Copyright<\/h2>\n<p>Tout le contenu de ce site Web, tel que le texte, les graphiques, les logos, les images, les clips audio, les t\u00e9l\u00e9chargements num\u00e9riques et autres logiciels, est la propri\u00e9t\u00e9 de NOSA et est prot\u00e9g\u00e9 par les lois su\u00e9doises et internationales sur le droit d\u2019auteur.<\/p>\n<h2>Exp\u00e9dition et livraison<\/h2>\n<p>NOSA traite normalement votre commande dans un d\u00e9lai d\u2019un jour (en semaine) de la commande \u00e0 la reconnaissance de la commande et quitte normalement notre entrep\u00f4t dans un autre jour. Ceci est \u00e0 condition que l\u2019article soit stock\u00e9. Une fois que l\u2019article a quitt\u00e9 notre entrep\u00f4t, la responsabilit\u00e9 de la livraison passe \u00e0 notre partenaire de livraison qui livre votre commande. NOSA ne peut pas fournir de garantie de retard pour les marchandises qui ne sont pas en stock au moment de la commande ou pour les marchandises qui ont quitt\u00e9 notre entrep\u00f4t. Cela signifie que le d\u00e9lai de livraison total avant que l\u2019article ne vous parvienne peut \u00eatre plus long que ce qui est indiqu\u00e9 comme normal.<\/p>\n<p>Le client a toujours le droit d\u2019annuler l\u2019achat en cas\u00a0 \u00a0de retards de livraison importants. Il peut y avoir des occasions qui nous emp\u00eachent d\u2019ex\u00e9cuter la commande, par exemple si notre fournisseur n\u2019est pas en mesure de remplir son engagement envers nous. Contactez-nous \u00e0 customerservice@nosamed.hemsida.eu si vous souhaitez annuler votre achat.<\/p>\n<h2>Paiement<\/h2>\n<p>Les paiements via la boutique en ligne sont g\u00e9r\u00e9s via \u00ab\u00a0Klarna Checkout\u00a0\u00bb. Cela signifie qu\u2019en tant que client, vous pouvez choisir entre les m\u00e9thodes de paiement disponibles que Klarna propose \u00e0 la caisse.<\/p>\n<p>Pour plus d\u2019informations ou des questions sur votre paiement, visitez le site Web de Klarna (klarna.fr) ou contactez leur service client\u00e8le via un navigateur ou dans l\u2019application de Klarna.<\/p>\n<p>[\/et_pb_text][et_pb_image src=&#8221;https:\/\/nosamedkopia.hemsida.eu\/wp-content\/uploads\/2020\/03\/separator.png&#8221; align=&#8221;center&#8221; admin_label=&#8221;Separator&#8221; _builder_version=&#8221;4.16&#8243; custom_padding=&#8221;20px||20px||false|false&#8221; global_colors_info=&#8221;{}&#8221;][\/et_pb_image][et_pb_text admin_label=&#8221;Politique de retour&#8221; module_id=&#8221;Politiquederetour&#8221; _builder_version=&#8221;4.17.3&#8243; _module_preset=&#8221;default&#8221; header_2_font=&#8221;|300|||||||&#8221; header_2_font_size=&#8221;30px&#8221; hover_enabled=&#8221;0&#8243; global_colors_info=&#8221;{}&#8221; sticky_enabled=&#8221;0&#8243;]<\/p>\n<h1>Politique de retour<\/h1>\n<p>Droit de r\u00e9tractation et de retour.<br \/>En tant que client, vous disposez toujours d\u2019un droit de r\u00e9tractation de 14 jours. \u00a0Le d\u00e9lai de r\u00e9tractation commence \u00e0 courir \u00e0 partir du jour o\u00f9 vous recevez les marchandises. \u00a0Varan doit \u00eatre retourn\u00e9 dans un \u00e9tat inchang\u00e9 pour que vous, en tant que client, puissiez recevoir un cr\u00e9dit complet. \u00a0Les produits NOSA sont scell\u00e9s pour des raisons de sant\u00e9 et d\u2019hygi\u00e8ne et sont donc exempt\u00e9s du droit de r\u00e9tractation si le sceau est bris\u00e9 par le consommateur.<\/p>\n<h2>Comment faire un retour<\/h2>\n<ol>\n<li>Informez-nous du retour: Si vous avez l\u2019application de Klarna, vous pouvez \u00ab signaler le retour \u00bb \u00e0 l\u2019int\u00e9rieur de la commande via l\u2019application. Si vous n\u2019avez pas l\u2019application klarna, vous devez nous envoyer un e-mail \u00e0 <a href=\"mailto:kundservice@nosamed.hemsida.eu\">customerservice<\/a><a href=\"mailto:kundservice@nosamed.hemsida.eu\">@nosamed.hemsida.eu<\/a> et nous dire que vous souhaitez effectuer un retour et inclure des informations sur votre commande. N\u2019oubliez pas que l\u2019emballage ne doit pas \u00eatre cass\u00e9. Inclure;<br \/>a) num\u00e9ro de commande (trouv\u00e9 dans votre confirmation de commande, sur le bordereau d\u2019exp\u00e9dition ou la facture)<br \/>b) votre nom et vos coordonn\u00e9es<br \/>c) la quantit\u00e9 et le nom des produits \u00e0 retourner<\/li>\n<li>S\u2019il s\u2019agit d\u2019une plainte: Si vous avez cass\u00e9 l\u2019emballage mais que vous souhaitez toujours effectuer un retour en raison d\u2019un d\u00e9faut dans le produit ou autrement, envoyez-nous un courriel \u00e0 <a href=\"mailto:kundservice@nosamed.hemsida.eu\">customerservice<\/a><a href=\"mailto:kundservice@nosamed.hemsida.eu\">@nosamed.hemsida.eu<\/a> avec l\u2019objet \u00ab plainte \u00bb et d\u00e9crivez votre cas, et nous vous aiderons.<\/li>\n<li>Mettez les articles que vous souhaitez retourner dans une enveloppe, soit les enveloppes dans lesquelles ils sont entr\u00e9s, soit une nouvelle. Si vous utilisez l\u2019original, assurez-vous qu\u2019il est correctement scell\u00e9 et que votre adresse est barr\u00e9e. Inscrivez l\u2019adresse de retour sur l\u2019enveloppe :<\/li>\n<\/ol>\n<p>Adresse de retour<\/p>\n<p>&#8220;NoseOption AB<br \/>Observatoriegatan 5<br \/>113 29 Stockholm<br \/>Su\u00e8de\u201d<\/p>\n<p>4. Envoyez la lettre par l\u2019interm\u00e9diaire d\u2019un service postal de votre pays sous forme de lettre.<\/p>\n<p>NOSA confirmera que le retour est autoris\u00e9 et que le d\u00e9lai de r\u00e9tractation n\u2019a pas \u00e9t\u00e9 d\u00e9pass\u00e9 avant le retour des marchandises. Le client est responsable des frais de retour et est responsable du produit jusqu\u2019\u00e0 ce qu\u2019il nous parvienne. Les retours ne peuvent pas \u00eatre envoy\u00e9s en esp\u00e8ces \u00e0 la livraison ou en r\u00e9ponses gratuites.<\/p>\n<p>Remboursement et mise \u00e0 jour de la facture<\/p>\n<p>Si vous avez d\u00e9j\u00e0 pay\u00e9 votre commande mais que vous regrettez votre achat, les conditions de r\u00e9tractation et de retour comme ci-dessus doivent \u00eatre suivies. Apr\u00e8s avoir approuv\u00e9 votre retour, nous vous rembourserons le montant d\u00e9j\u00e0 pay\u00e9.<\/p>\n<p>Toutefois, si \u00a0vous avez une facture impay\u00e9e pour votre commande que vous souhaitez retourner, il est important que vous signaliez vous-m\u00eame un retour via l\u2019application Klarna ou via Klarna. fr.\u00a0Une fois que nous avons re\u00e7u et v\u00e9rifi\u00e9 le retour, la facture actuelle sera mise \u00e0 jour au nouveau montant.\u00a0Si vous avez pay\u00e9 par facture ou paiement direct, nous transf\u00e9rerons l\u2019argent sur votre compte bancaire. Si vous avez pay\u00e9 par carte, nous cr\u00e9diterons le montant du retour sur votre carte. \u00a0Si vous avez pay\u00e9 par facture via Klarna, nous mettrons \u00e0 jour ou annulerons la facture de votre achat apr\u00e8s le retour approuv\u00e9.<\/p>\n<p><a href=\"https:\/\/www.klarna.com\/international\/customer-service\/\">https:\/\/www.klarna.com\/international\/customer-service\/<\/a><\/p>\n<h2>Paquets non collect\u00e9s<\/h2>\n<p>Nous nous r\u00e9servons le droit de facturer les frais de manutention qui interviennent en cas de colis non collect\u00e9s (retour, frais de manutention, etc.). Par cons\u00e9quent, nous facturons des frais d\u2019un maximum de 20 \u20ac en fonction du poids si un colis n\u2019est pas ramass\u00e9. L\u2019envoi est au bureau de poste pendant 7-14 jours avant qu\u2019il ne nous soit retourn\u00e9. Veuillez donc noter que si vous regrettez un achat et que vous souhaitez retourner l\u2019article, vous devez d\u2019abord r\u00e9cup\u00e9rer le colis, puis le retourner comme d\u00e9crit ci-dessus.<\/p>\n<h2>Plainte<\/h2>\n<p>Si vous avez re\u00e7u un article d\u00e9fectueux ou mal exp\u00e9di\u00e9, veuillez nous contacter imm\u00e9diatement \u00e0 customerservice@nosamed.hemsida.eu. \u00a0D\u00e9crivez l\u2019erreur avec autant de d\u00e9tails que possible. Si nous ne pouvons pas r\u00e9soudre le probl\u00e8me, vous devrez bien s\u00fbr vous plaindre du produit pour en obtenir un nouveau. Les plaintes doivent \u00eatre faites conform\u00e9ment aux instructions que vous recevez de notre part. En cas de litige, nous suivons les <a href=\"https:\/\/ec.europa.eu\/consumers\/odr\/main\/?event=main.help.new&amp;lng=FR\">Directives g\u00e9n\u00e9rales de l&#8217;UE. <\/a>Du peut \u00e9galement proc\u00e9der \u00e0 votre plainte sur la page de r\u00e8glement commun des litiges de l\u2019UE, qui peut \u00eatre consult\u00e9e ici: <a href=\"http:\/\/ec.europa.eu\/odr\">http:\/\/ec.europa.eu\/odr<\/a>.<\/p>\n<p>&nbsp;<\/p>\n<p>[\/et_pb_text][et_pb_image src=&#8221;https:\/\/nosamedkopia.hemsida.eu\/wp-content\/uploads\/2020\/03\/separator.png&#8221; align=&#8221;center&#8221; admin_label=&#8221;Separator&#8221; _builder_version=&#8221;4.16&#8243; custom_padding=&#8221;20px||20px||false|false&#8221; global_colors_info=&#8221;{}&#8221;][\/et_pb_image][\/et_pb_column][\/et_pb_row][\/et_pb_section][et_pb_section fb_built=&#8221;1&#8243; _builder_version=&#8221;4.16&#8243; background_color=&#8221;#90cfd8&#8243; da_disable_devices=&#8221;off|off|off&#8221; global_colors_info=&#8221;{}&#8221; da_is_popup=&#8221;off&#8221; da_exit_intent=&#8221;off&#8221; da_has_close=&#8221;on&#8221; da_alt_close=&#8221;off&#8221; da_dark_close=&#8221;off&#8221; da_not_modal=&#8221;on&#8221; da_is_singular=&#8221;off&#8221; da_with_loader=&#8221;off&#8221; da_has_shadow=&#8221;on&#8221;][et_pb_row _builder_version=&#8221;4.16&#8243; custom_margin=&#8221;-20px||-20px||false|false&#8221; global_colors_info=&#8221;{}&#8221;][et_pb_column type=&#8221;4_4&#8243; _builder_version=&#8221;4.16&#8243; global_colors_info=&#8221;{}&#8221;][et_pb_text _builder_version=&#8221;4.17.3&#8243; header_3_font=&#8221;|600|||||||&#8221; header_3_font_size=&#8221;26px&#8221; header_3_line_height=&#8221;1.3em&#8221; text_orientation=&#8221;center&#8221; background_layout=&#8221;dark&#8221; global_colors_info=&#8221;{}&#8221;]<\/p>\n<h3>Breathe with care<\/h3>\n<p>[\/et_pb_text][\/et_pb_column][\/et_pb_row][\/et_pb_section]<\/p>\n","protected":false},"excerpt":{"rendered":"<p>Conditions g\u00e9n\u00e9rales d&#8217;achatsG\u00e9n\u00e9ralement NoseOption AB (\u201dNOSA\u201d) vend des biens via internet \u00e0 des particuliers en France et en Belgique.\u00a0Pour magasiner avec nous, vous devez \u00eatre \u00e2g\u00e9 d\u2019au moins 18 ans et avoir une pi\u00e8ce d\u2019identit\u00e9 valide dans les pays mentionn\u00e9s ci-dessus pour les envois de colis. Si vous avez moins de 18 ans, vous devez [&hellip;]<\/p>\n","protected":false},"author":1,"featured_media":0,"parent":0,"menu_order":0,"comment_status":"closed","ping_status":"closed","template":"","meta":{"_et_pb_use_builder":"on","_et_pb_old_content":"","_et_gb_content_width":""},"aioseo_notices":[],"yoast_head":"<!-- This site is optimized with the Yoast SEO plugin v20.7 - https:\/\/yoast.com\/wordpress\/plugins\/seo\/ -->\n<title>Conditions g\u00e9n\u00e9rales d&#039;achats - NOSA med<\/title>\n<meta name=\"robots\" content=\"noindex, follow, max-snippet:-1, max-image-preview:large, max-video-preview:-1\" \/>\n<meta property=\"og:locale\" content=\"fr_FR\" \/>\n<meta property=\"og:type\" content=\"article\" \/>\n<meta property=\"og:title\" content=\"Conditions g\u00e9n\u00e9rales d&#039;achats - NOSA med\" \/>\n<meta property=\"og:description\" content=\"Conditions g\u00e9n\u00e9rales d&#039;achatsG\u00e9n\u00e9ralement NoseOption AB (\u201dNOSA\u201d) vend des biens via internet \u00e0 des particuliers en France et en Belgique.\u00a0Pour magasiner avec nous, vous devez \u00eatre \u00e2g\u00e9 d\u2019au moins 18 ans et avoir une pi\u00e8ce d\u2019identit\u00e9 valide dans les pays mentionn\u00e9s ci-dessus pour les envois de colis. Si vous avez moins de 18 ans, vous devez [&hellip;]\" \/>\n<meta property=\"og:url\" content=\"https:\/\/nosamedkopia.hemsida.eu\/fr\/conditions-generales-dachats\/\" \/>\n<meta property=\"og:site_name\" content=\"NOSA med\" \/>\n<meta property=\"article:publisher\" content=\"https:\/\/www.facebook.com\/nosaplugs\" \/>\n<meta property=\"article:modified_time\" content=\"2022-05-05T15:11:44+00:00\" \/>\n<meta name=\"twitter:card\" content=\"summary_large_image\" \/>\n<meta name=\"twitter:label1\" content=\"Dur\u00e9e de lecture estim\u00e9e\" \/>\n\t<meta name=\"twitter:data1\" content=\"11 minutes\" \/>\n<script type=\"application\/ld+json\" class=\"yoast-schema-graph\">{\"@context\":\"https:\/\/schema.org\",\"@graph\":[{\"@type\":\"WebPage\",\"@id\":\"https:\/\/nosamedkopia.hemsida.eu\/fr\/conditions-generales-dachats\/\",\"url\":\"https:\/\/nosamedkopia.hemsida.eu\/fr\/conditions-generales-dachats\/\",\"name\":\"Conditions g\u00e9n\u00e9rales d'achats - NOSA med\",\"isPartOf\":{\"@id\":\"https:\/\/nosamedkopia.hemsida.eu\/fr\/#website\"},\"datePublished\":\"2022-05-03T21:11:31+00:00\",\"dateModified\":\"2022-05-05T15:11:44+00:00\",\"breadcrumb\":{\"@id\":\"https:\/\/nosamedkopia.hemsida.eu\/fr\/conditions-generales-dachats\/#breadcrumb\"},\"inLanguage\":\"fr-FR\",\"potentialAction\":[{\"@type\":\"ReadAction\",\"target\":[\"https:\/\/nosamedkopia.hemsida.eu\/fr\/conditions-generales-dachats\/\"]}]},{\"@type\":\"BreadcrumbList\",\"@id\":\"https:\/\/nosamedkopia.hemsida.eu\/fr\/conditions-generales-dachats\/#breadcrumb\",\"itemListElement\":[{\"@type\":\"ListItem\",\"position\":1,\"name\":\"Home\",\"item\":\"https:\/\/nosamedkopia.hemsida.eu\/fr\/\"},{\"@type\":\"ListItem\",\"position\":2,\"name\":\"Conditions g\u00e9n\u00e9rales d&#8217;achats\"}]},{\"@type\":\"WebSite\",\"@id\":\"https:\/\/nosamedkopia.hemsida.eu\/fr\/#website\",\"url\":\"https:\/\/nosamedkopia.hemsida.eu\/fr\/\",\"name\":\"NOSA med\",\"description\":\"Breathe with care\",\"publisher\":{\"@id\":\"https:\/\/nosamedkopia.hemsida.eu\/fr\/#organization\"},\"potentialAction\":[{\"@type\":\"SearchAction\",\"target\":{\"@type\":\"EntryPoint\",\"urlTemplate\":\"https:\/\/nosamedkopia.hemsida.eu\/fr\/?s={search_term_string}\"},\"query-input\":\"required name=search_term_string\"}],\"inLanguage\":\"fr-FR\"},{\"@type\":\"Organization\",\"@id\":\"https:\/\/nosamedkopia.hemsida.eu\/fr\/#organization\",\"name\":\"NOSA\",\"url\":\"https:\/\/nosamedkopia.hemsida.eu\/fr\/\",\"logo\":{\"@type\":\"ImageObject\",\"inLanguage\":\"fr-FR\",\"@id\":\"https:\/\/nosamedkopia.hemsida.eu\/fr\/#\/schema\/logo\/image\/\",\"url\":\"https:\/\/nosamedkopia.hemsida.eu\/wp-content\/uploads\/2020\/09\/nosalogga_3125c-med-kant-03-01-01-01.png\",\"contentUrl\":\"https:\/\/nosamedkopia.hemsida.eu\/wp-content\/uploads\/2020\/09\/nosalogga_3125c-med-kant-03-01-01-01.png\",\"width\":647,\"height\":399,\"caption\":\"NOSA\"},\"image\":{\"@id\":\"https:\/\/nosamedkopia.hemsida.eu\/fr\/#\/schema\/logo\/image\/\"},\"sameAs\":[\"https:\/\/www.facebook.com\/nosaplugs\",\"https:\/\/www.instagram.com\/nosa_med\",\"https:\/\/www.linkedin.com\/company\/9313523\"]}]}<\/script>\n<!-- \/ Yoast SEO plugin. -->","yoast_head_json":{"title":"Conditions g\u00e9n\u00e9rales d'achats - NOSA med","robots":{"index":"noindex","follow":"follow","max-snippet":"max-snippet:-1","max-image-preview":"max-image-preview:large","max-video-preview":"max-video-preview:-1"},"og_locale":"fr_FR","og_type":"article","og_title":"Conditions g\u00e9n\u00e9rales d'achats - NOSA med","og_description":"Conditions g\u00e9n\u00e9rales d'achatsG\u00e9n\u00e9ralement NoseOption AB (\u201dNOSA\u201d) vend des biens via internet \u00e0 des particuliers en France et en Belgique.\u00a0Pour magasiner avec nous, vous devez \u00eatre \u00e2g\u00e9 d\u2019au moins 18 ans et avoir une pi\u00e8ce d\u2019identit\u00e9 valide dans les pays mentionn\u00e9s ci-dessus pour les envois de colis. Si vous avez moins de 18 ans, vous devez [&hellip;]","og_url":"https:\/\/nosamedkopia.hemsida.eu\/fr\/conditions-generales-dachats\/","og_site_name":"NOSA med","article_publisher":"https:\/\/www.facebook.com\/nosaplugs","article_modified_time":"2022-05-05T15:11:44+00:00","twitter_card":"summary_large_image","twitter_misc":{"Dur\u00e9e de lecture estim\u00e9e":"11 minutes"},"schema":{"@context":"https:\/\/schema.org","@graph":[{"@type":"WebPage","@id":"https:\/\/nosamedkopia.hemsida.eu\/fr\/conditions-generales-dachats\/","url":"https:\/\/nosamedkopia.hemsida.eu\/fr\/conditions-generales-dachats\/","name":"Conditions g\u00e9n\u00e9rales d'achats - NOSA med","isPartOf":{"@id":"https:\/\/nosamedkopia.hemsida.eu\/fr\/#website"},"datePublished":"2022-05-03T21:11:31+00:00","dateModified":"2022-05-05T15:11:44+00:00","breadcrumb":{"@id":"https:\/\/nosamedkopia.hemsida.eu\/fr\/conditions-generales-dachats\/#breadcrumb"},"inLanguage":"fr-FR","potentialAction":[{"@type":"ReadAction","target":["https:\/\/nosamedkopia.hemsida.eu\/fr\/conditions-generales-dachats\/"]}]},{"@type":"BreadcrumbList","@id":"https:\/\/nosamedkopia.hemsida.eu\/fr\/conditions-generales-dachats\/#breadcrumb","itemListElement":[{"@type":"ListItem","position":1,"name":"Home","item":"https:\/\/nosamedkopia.hemsida.eu\/fr\/"},{"@type":"ListItem","position":2,"name":"Conditions g\u00e9n\u00e9rales d&#8217;achats"}]},{"@type":"WebSite","@id":"https:\/\/nosamedkopia.hemsida.eu\/fr\/#website","url":"https:\/\/nosamedkopia.hemsida.eu\/fr\/","name":"NOSA med","description":"Breathe with care","publisher":{"@id":"https:\/\/nosamedkopia.hemsida.eu\/fr\/#organization"},"potentialAction":[{"@type":"SearchAction","target":{"@type":"EntryPoint","urlTemplate":"https:\/\/nosamedkopia.hemsida.eu\/fr\/?s={search_term_string}"},"query-input":"required name=search_term_string"}],"inLanguage":"fr-FR"},{"@type":"Organization","@id":"https:\/\/nosamedkopia.hemsida.eu\/fr\/#organization","name":"NOSA","url":"https:\/\/nosamedkopia.hemsida.eu\/fr\/","logo":{"@type":"ImageObject","inLanguage":"fr-FR","@id":"https:\/\/nosamedkopia.hemsida.eu\/fr\/#\/schema\/logo\/image\/","url":"https:\/\/nosamedkopia.hemsida.eu\/wp-content\/uploads\/2020\/09\/nosalogga_3125c-med-kant-03-01-01-01.png","contentUrl":"https:\/\/nosamedkopia.hemsida.eu\/wp-content\/uploads\/2020\/09\/nosalogga_3125c-med-kant-03-01-01-01.png","width":647,"height":399,"caption":"NOSA"},"image":{"@id":"https:\/\/nosamedkopia.hemsida.eu\/fr\/#\/schema\/logo\/image\/"},"sameAs":["https:\/\/www.facebook.com\/nosaplugs","https:\/\/www.instagram.com\/nosa_med","https:\/\/www.linkedin.com\/company\/9313523"]}]}},"_links":{"self":[{"href":"https:\/\/nosamedkopia.hemsida.eu\/fr\/wp-json\/wp\/v2\/pages\/12929"}],"collection":[{"href":"https:\/\/nosamedkopia.hemsida.eu\/fr\/wp-json\/wp\/v2\/pages"}],"about":[{"href":"https:\/\/nosamedkopia.hemsida.eu\/fr\/wp-json\/wp\/v2\/types\/page"}],"author":[{"embeddable":true,"href":"https:\/\/nosamedkopia.hemsida.eu\/fr\/wp-json\/wp\/v2\/users\/1"}],"replies":[{"embeddable":true,"href":"https:\/\/nosamedkopia.hemsida.eu\/fr\/wp-json\/wp\/v2\/comments?post=12929"}],"version-history":[{"count":2,"href":"https:\/\/nosamedkopia.hemsida.eu\/fr\/wp-json\/wp\/v2\/pages\/12929\/revisions"}],"predecessor-version":[{"id":13337,"href":"https:\/\/nosamedkopia.hemsida.eu\/fr\/wp-json\/wp\/v2\/pages\/12929\/revisions\/13337"}],"wp:attachment":[{"href":"https:\/\/nosamedkopia.hemsida.eu\/fr\/wp-json\/wp\/v2\/media?parent=12929"}],"curies":[{"name":"wp","href":"https:\/\/api.w.org\/{rel}","templated":true}]}}