{"id":7997,"date":"2020-04-23T21:25:29","date_gmt":"2020-04-23T19:25:29","guid":{"rendered":"https:\/\/nosamedkopia.hemsida.eu\/?page_id=7997"},"modified":"2020-10-16T23:20:05","modified_gmt":"2020-10-16T21:20:05","slug":"contaminacion-del-aire","status":"publish","type":"page","link":"https:\/\/nosamedkopia.hemsida.eu\/es\/contaminacion-del-aire\/","title":{"rendered":"Contaminaci\u00f3n del aire"},"content":{"rendered":"<p>[et_pb_section fb_built=&#8221;1&#8243; _builder_version=&#8221;4.4.1&#8243;][et_pb_row column_structure=&#8221;3_5,2_5&#8243; _builder_version=&#8221;4.4.5&#8243; custom_margin=&#8221;-20px||||false|false&#8221;][et_pb_column type=&#8221;3_5&#8243; _builder_version=&#8221;4.4.1&#8243;][et_pb_text admin_label=&#8221;Headline&#8221; _builder_version=&#8221;4.6.6&#8243; header_font=&#8221;|300||on|||||&#8221; header_font_size=&#8221;36px&#8221; header_line_height=&#8221;1.3em&#8221; header_3_font=&#8221;||||||||&#8221; header_3_font_size=&#8221;26px&#8221; header_3_line_height=&#8221;1.3em&#8221; header_font_size_tablet=&#8221;&#8221; header_font_size_phone=&#8221;28px&#8221; header_font_size_last_edited=&#8221;on|phone&#8221;]<\/p>\n<h1>Contaminaci\u00f3n<\/h1>\n<p>[\/et_pb_text][et_pb_text admin_label=&#8221;Smog&#8221; _builder_version=&#8221;4.6.6&#8243; text_font=&#8221;||||||||&#8221; text_line_height=&#8221;1.5em&#8221; header_2_font=&#8221;|600||on|||||&#8221; header_2_font_size=&#8221;28px&#8221; header_2_line_height=&#8221;1.3em&#8221; module_alignment=&#8221;center&#8221; custom_padding=&#8221;|100px|||false|false&#8221; custom_padding_tablet=&#8221;|0px|||false|false&#8221; custom_padding_phone=&#8221;&#8221; custom_padding_last_edited=&#8221;on|desktop&#8221;]<\/p>\n<p>El smog es un tipo de contaminaci\u00f3n del aire y proviene de las palabras humo y niebla, que se refiere a la niebla humeante. Esta contaminaci\u00f3n del aire consiste en \u00f3xidos de nitr\u00f3geno, \u00f3xidos de azufre, ozono, humo o part\u00edculas de suciedad e incluso part\u00edculas menos visibles. La niebla t\u00f3xica se origina a partir de las emisiones de carbono, de veh\u00edculos e industriales, as\u00ed como de los incendios forestales, etc.<\/p>\n<p>Hoy en d\u00eda tambi\u00e9n sabemos que la contaminaci\u00f3n atmosf\u00e9rica puede reaccionar en la atm\u00f3sfera con la luz solar y formar nuevos contaminantes, como el smog fotoqu\u00edmico. El smog es muy t\u00f3xico y puede causar enfermedades graves, acortar la vida o la muerte.<\/p>\n<p>[\/et_pb_text][\/et_pb_column][et_pb_column type=&#8221;2_5&#8243; _builder_version=&#8221;4.4.1&#8243;][et_pb_image src=&#8221;https:\/\/nosamedkopia.hemsida.eu\/wp-content\/uploads\/2020\/05\/pollution-smog.jpg&#8221; alt=&#8221;Pollution smog&#8221; admin_label=&#8221;Bild&#8221; _builder_version=&#8221;4.4.5&#8243; custom_padding=&#8221;30px||||false|false&#8221; custom_padding_tablet=&#8221;0px||||false|false&#8221; custom_padding_phone=&#8221;&#8221; custom_padding_last_edited=&#8221;on|desktop&#8221; animation_style=&#8221;fade&#8221;][\/et_pb_image][\/et_pb_column][\/et_pb_row][et_pb_row _builder_version=&#8221;4.4.1&#8243;][et_pb_column type=&#8221;4_4&#8243; _builder_version=&#8221;4.4.1&#8243;][et_pb_image src=&#8221;https:\/\/nosamedkopia.hemsida.eu\/wp-content\/uploads\/2020\/03\/separator.png&#8221; align=&#8221;center&#8221; admin_label=&#8221;Separator&#8221; _builder_version=&#8221;4.4.1&#8243;][\/et_pb_image][\/et_pb_column][\/et_pb_row][et_pb_row column_structure=&#8221;2_5,3_5&#8243; _builder_version=&#8221;4.4.5&#8243; custom_css_main_element=&#8221;display: flex;||flex-wrap: wrap;&#8221;][et_pb_column type=&#8221;2_5&#8243; _builder_version=&#8221;4.4.5&#8243; custom_css_main_element_last_edited=&#8221;on|phone&#8221; custom_css_main_element_phone=&#8221;order: 2;&#8221;][et_pb_image src=&#8221;https:\/\/nosamedkopia.hemsida.eu\/wp-content\/uploads\/2020\/05\/pollution.jpg&#8221; alt=&#8221;Pollution&#8221; align=&#8221;center&#8221; _builder_version=&#8221;4.4.5&#8243; custom_padding_tablet=&#8221;&#8221; custom_padding_phone=&#8221;40px||||false|false&#8221; custom_padding_last_edited=&#8221;on|phone&#8221; animation_style=&#8221;fade&#8221;][\/et_pb_image][\/et_pb_column][et_pb_column type=&#8221;3_5&#8243; _builder_version=&#8221;4.4.5&#8243; custom_css_main_element_last_edited=&#8221;on|phone&#8221; custom_css_main_element_phone=&#8221;order: 1;&#8221;][et_pb_text admin_label=&#8221;Varf\u00f6r \u00e4r det skadligt + F\u00f6ljdsjukdomar&#8221; _builder_version=&#8221;4.6.6&#8243; text_font=&#8221;||||||||&#8221; text_line_height=&#8221;1.5em&#8221; header_2_font=&#8221;|300||on|||||&#8221; header_2_font_size=&#8221;28px&#8221; header_2_line_height=&#8221;1.3em&#8221; module_alignment=&#8221;center&#8221; custom_padding=&#8221;|||40px|false|false&#8221; custom_padding_tablet=&#8221;|0px||0px|false|false&#8221; custom_padding_phone=&#8221;&#8221; custom_padding_last_edited=&#8221;on|phone&#8221;]<\/p>\n<h2>\u00bfPor qu\u00e9 es t\u00f3xico?<\/h2>\n<p>Se ha demostrado que el efecto de la inhalaci\u00f3n de la contaminaci\u00f3n causa asma, c\u00e1ncer de pulm\u00f3n, enfermedades respiratorias, enfermedades cardiovasculares, nacimientos prematuros, defectos de nacimiento, bajo peso al nacer y muerte prematura. Tambi\u00e9n puede aumentar el riesgo de que los ni\u00f1os tengan un peso bajo al nacer y una alta presi\u00f3n sangu\u00ednea. Se estima que la contaminaci\u00f3n del aire provoca entre 22.000 y 52.000 muertes al a\u00f1o en los Estados Unidos y unos 3-4 millones de muertes en todo el mundo cada a\u00f1o (Fuente: OMS).<\/p>\n<h2>Sequela<\/h2>\n<p>En 2005, la Organizaci\u00f3n Mundial de la Salud (OMS) estim\u00f3 que la contaminaci\u00f3n del aire por part\u00edculas finas (PM 2,5) causa alrededor del 3% de la mortalidad por enfermedades cardiovasculares, alrededor del 5% de la mortalidad de la tr\u00e1quea, la bronquitis y los pulmones, y alrededor del 1% de la mortalidad por infecciones respiratorias agudas en los ni\u00f1os.<\/p>\n<p>[\/et_pb_text][\/et_pb_column][\/et_pb_row][\/et_pb_section][et_pb_section fb_built=&#8221;1&#8243; admin_label=&#8221;Newsletter Spanish&#8221; _builder_version=&#8221;4.6.6&#8243; background_color=&#8221;#90cfd8&#8243; saved_tabs=&#8221;all&#8221; global_module=&#8221;8006&#8243;][et_pb_row _builder_version=&#8221;4.4.6&#8243; custom_margin=&#8221;-20px||-20px||false|false&#8221;][et_pb_column type=&#8221;4_4&#8243; _builder_version=&#8221;4.4.6&#8243;][et_pb_text admin_label=&#8221;Headline&#8221; _builder_version=&#8221;4.6.6&#8243; text_font_size=&#8221;21px&#8221; header_3_font=&#8221;|600||on|||||&#8221; header_3_text_align=&#8221;center&#8221; header_3_font_size=&#8221;28px&#8221; header_3_line_height=&#8221;1.3em&#8221; text_orientation=&#8221;center&#8221; background_layout=&#8221;dark&#8221; hover_enabled=&#8221;0&#8243; sticky_enabled=&#8221;0&#8243;]<\/p>\n<h3>Bolet\u00edn electr\u00f3nico<\/h3>\n<p>Suscr\u00edbase a nuestro bolet\u00edn de noticias y reciba las \u00faltimas noticias.<\/p>\n<p>[\/et_pb_text][et_pb_signup mailchimp_list=&#8221;info@nosaplugscom|de71bd53ff&#8221; first_name_field=&#8221;off&#8221; last_name_field=&#8221;off&#8221; success_message=&#8221;Thank you! You are now a subscriber.&#8221; button_text=&#8221;Suscribir&#8221; _builder_version=&#8221;4.6.6&#8243; form_field_background_color=&#8221;#90cfd8&#8243; form_field_text_color=&#8221;#ffffff&#8221; form_field_font=&#8221;|600|||||||&#8221; background_enable_color=&#8221;off&#8221; custom_button=&#8221;on&#8221; button_text_color=&#8221;#ffffff&#8221; button_bg_color=&#8221;#00b6c8&#8243; button_border_width=&#8221;4px&#8221; button_border_color=&#8221;#00b6c8&#8243; button_border_radius=&#8221;60px&#8221; button_font=&#8221;|600||on|||||&#8221; button_use_icon=&#8221;off&#8221; custom_padding=&#8221;|170px||190px|false|false&#8221; custom_padding_tablet=&#8221;|100px||100px|false|false&#8221; custom_padding_phone=&#8221;|0px||0px|false|false&#8221; custom_padding_last_edited=&#8221;on|phone&#8221; border_radii_fields=&#8221;on|60px|60px|60px|60px&#8221; border_width_all_fields=&#8221;2px&#8221; border_color_all_fields=&#8221;#00B6C8&#8243; button_bg_color__hover_enabled=&#8221;on|hover&#8221; button_bg_color__hover=&#8221;#97D700&#8243; button_bg_enable_color__hover=&#8221;on&#8221; button_border_color__hover_enabled=&#8221;on|hover&#8221; button_border_color__hover=&#8221;#97D700&#8243;][\/et_pb_signup][\/et_pb_column][\/et_pb_row][\/et_pb_section]<\/p>\n","protected":false},"excerpt":{"rendered":"<p>Contaminaci\u00f3nEl smog es un tipo de contaminaci\u00f3n del aire y proviene de las palabras humo y niebla, que se refiere a la niebla humeante. Esta contaminaci\u00f3n del aire consiste en \u00f3xidos de nitr\u00f3geno, \u00f3xidos de azufre, ozono, humo o part\u00edculas de suciedad e incluso part\u00edculas menos visibles. La niebla t\u00f3xica se origina a partir de [&hellip;]<\/p>\n","protected":false},"author":1,"featured_media":0,"parent":0,"menu_order":0,"comment_status":"closed","ping_status":"closed","template":"","meta":{"_et_pb_use_builder":"on","_et_pb_old_content":"","_et_gb_content_width":""},"aioseo_notices":[],"yoast_head":"<!-- This site is optimized with the Yoast SEO plugin v20.7 - https:\/\/yoast.com\/wordpress\/plugins\/seo\/ -->\n<title>Contaminaci\u00f3n del aire - Smog - NOSA<\/title>\n<meta name=\"description\" content=\"Smog is a type of air pollution and comes from the words smoke and fog, which refers to smoky fog.\" \/>\n<meta name=\"robots\" content=\"noindex, follow, max-snippet:-1, max-image-preview:large, max-video-preview:-1\" \/>\n<meta property=\"og:locale\" content=\"es_ES\" \/>\n<meta property=\"og:type\" content=\"article\" \/>\n<meta property=\"og:title\" content=\"Contaminaci\u00f3n del aire - Smog - NOSA\" \/>\n<meta property=\"og:description\" content=\"Smog is a type of air pollution and comes from the words smoke and fog, which refers to smoky fog.\" \/>\n<meta property=\"og:url\" content=\"https:\/\/nosamedkopia.hemsida.eu\/es\/contaminacion-del-aire\/\" \/>\n<meta property=\"og:site_name\" content=\"NOSA med\" \/>\n<meta property=\"article:publisher\" content=\"https:\/\/www.facebook.com\/nosaplugs\" \/>\n<meta property=\"article:modified_time\" content=\"2020-10-16T21:20:05+00:00\" \/>\n<meta name=\"twitter:card\" content=\"summary_large_image\" \/>\n<meta name=\"twitter:label1\" content=\"Tiempo de lectura\" \/>\n\t<meta name=\"twitter:data1\" content=\"5 minutos\" \/>\n<script type=\"application\/ld+json\" class=\"yoast-schema-graph\">{\"@context\":\"https:\/\/schema.org\",\"@graph\":[{\"@type\":\"WebPage\",\"@id\":\"https:\/\/nosamedkopia.hemsida.eu\/es\/contaminacion-del-aire\/\",\"url\":\"https:\/\/nosamedkopia.hemsida.eu\/es\/contaminacion-del-aire\/\",\"name\":\"Contaminaci\u00f3n del aire - Smog - NOSA\",\"isPartOf\":{\"@id\":\"https:\/\/nosamedkopia.hemsida.eu\/es\/#website\"},\"datePublished\":\"2020-04-23T19:25:29+00:00\",\"dateModified\":\"2020-10-16T21:20:05+00:00\",\"description\":\"Smog is a type of air pollution and comes from the words smoke and fog, which refers to smoky fog.\",\"breadcrumb\":{\"@id\":\"https:\/\/nosamedkopia.hemsida.eu\/es\/contaminacion-del-aire\/#breadcrumb\"},\"inLanguage\":\"es\",\"potentialAction\":[{\"@type\":\"ReadAction\",\"target\":[\"https:\/\/nosamedkopia.hemsida.eu\/es\/contaminacion-del-aire\/\"]}]},{\"@type\":\"BreadcrumbList\",\"@id\":\"https:\/\/nosamedkopia.hemsida.eu\/es\/contaminacion-del-aire\/#breadcrumb\",\"itemListElement\":[{\"@type\":\"ListItem\",\"position\":1,\"name\":\"Home\",\"item\":\"https:\/\/nosamedkopia.hemsida.eu\/es\/\"},{\"@type\":\"ListItem\",\"position\":2,\"name\":\"Contaminaci\u00f3n del aire\"}]},{\"@type\":\"WebSite\",\"@id\":\"https:\/\/nosamedkopia.hemsida.eu\/es\/#website\",\"url\":\"https:\/\/nosamedkopia.hemsida.eu\/es\/\",\"name\":\"NOSA med\",\"description\":\"Breathe with care\",\"publisher\":{\"@id\":\"https:\/\/nosamedkopia.hemsida.eu\/es\/#organization\"},\"potentialAction\":[{\"@type\":\"SearchAction\",\"target\":{\"@type\":\"EntryPoint\",\"urlTemplate\":\"https:\/\/nosamedkopia.hemsida.eu\/es\/?s={search_term_string}\"},\"query-input\":\"required name=search_term_string\"}],\"inLanguage\":\"es\"},{\"@type\":\"Organization\",\"@id\":\"https:\/\/nosamedkopia.hemsida.eu\/es\/#organization\",\"name\":\"NOSA\",\"url\":\"https:\/\/nosamedkopia.hemsida.eu\/es\/\",\"logo\":{\"@type\":\"ImageObject\",\"inLanguage\":\"es\",\"@id\":\"https:\/\/nosamedkopia.hemsida.eu\/es\/#\/schema\/logo\/image\/\",\"url\":\"https:\/\/nosamedkopia.hemsida.eu\/wp-content\/uploads\/2020\/09\/nosalogga_3125c-med-kant-03-01-01-01.png\",\"contentUrl\":\"https:\/\/nosamedkopia.hemsida.eu\/wp-content\/uploads\/2020\/09\/nosalogga_3125c-med-kant-03-01-01-01.png\",\"width\":647,\"height\":399,\"caption\":\"NOSA\"},\"image\":{\"@id\":\"https:\/\/nosamedkopia.hemsida.eu\/es\/#\/schema\/logo\/image\/\"},\"sameAs\":[\"https:\/\/www.facebook.com\/nosaplugs\",\"https:\/\/www.instagram.com\/nosa_med\",\"https:\/\/www.linkedin.com\/company\/9313523\"]}]}<\/script>\n<!-- \/ Yoast SEO plugin. -->","yoast_head_json":{"title":"Contaminaci\u00f3n del aire - Smog - NOSA","description":"Smog is a type of air pollution and comes from the words smoke and fog, which refers to smoky fog.","robots":{"index":"noindex","follow":"follow","max-snippet":"max-snippet:-1","max-image-preview":"max-image-preview:large","max-video-preview":"max-video-preview:-1"},"og_locale":"es_ES","og_type":"article","og_title":"Contaminaci\u00f3n del aire - Smog - NOSA","og_description":"Smog is a type of air pollution and comes from the words smoke and fog, which refers to smoky fog.","og_url":"https:\/\/nosamedkopia.hemsida.eu\/es\/contaminacion-del-aire\/","og_site_name":"NOSA med","article_publisher":"https:\/\/www.facebook.com\/nosaplugs","article_modified_time":"2020-10-16T21:20:05+00:00","twitter_card":"summary_large_image","twitter_misc":{"Tiempo de lectura":"5 minutos"},"schema":{"@context":"https:\/\/schema.org","@graph":[{"@type":"WebPage","@id":"https:\/\/nosamedkopia.hemsida.eu\/es\/contaminacion-del-aire\/","url":"https:\/\/nosamedkopia.hemsida.eu\/es\/contaminacion-del-aire\/","name":"Contaminaci\u00f3n del aire - Smog - NOSA","isPartOf":{"@id":"https:\/\/nosamedkopia.hemsida.eu\/es\/#website"},"datePublished":"2020-04-23T19:25:29+00:00","dateModified":"2020-10-16T21:20:05+00:00","description":"Smog is a type of air pollution and comes from the words smoke and fog, which refers to smoky fog.","breadcrumb":{"@id":"https:\/\/nosamedkopia.hemsida.eu\/es\/contaminacion-del-aire\/#breadcrumb"},"inLanguage":"es","potentialAction":[{"@type":"ReadAction","target":["https:\/\/nosamedkopia.hemsida.eu\/es\/contaminacion-del-aire\/"]}]},{"@type":"BreadcrumbList","@id":"https:\/\/nosamedkopia.hemsida.eu\/es\/contaminacion-del-aire\/#breadcrumb","itemListElement":[{"@type":"ListItem","position":1,"name":"Home","item":"https:\/\/nosamedkopia.hemsida.eu\/es\/"},{"@type":"ListItem","position":2,"name":"Contaminaci\u00f3n del aire"}]},{"@type":"WebSite","@id":"https:\/\/nosamedkopia.hemsida.eu\/es\/#website","url":"https:\/\/nosamedkopia.hemsida.eu\/es\/","name":"NOSA med","description":"Breathe with care","publisher":{"@id":"https:\/\/nosamedkopia.hemsida.eu\/es\/#organization"},"potentialAction":[{"@type":"SearchAction","target":{"@type":"EntryPoint","urlTemplate":"https:\/\/nosamedkopia.hemsida.eu\/es\/?s={search_term_string}"},"query-input":"required name=search_term_string"}],"inLanguage":"es"},{"@type":"Organization","@id":"https:\/\/nosamedkopia.hemsida.eu\/es\/#organization","name":"NOSA","url":"https:\/\/nosamedkopia.hemsida.eu\/es\/","logo":{"@type":"ImageObject","inLanguage":"es","@id":"https:\/\/nosamedkopia.hemsida.eu\/es\/#\/schema\/logo\/image\/","url":"https:\/\/nosamedkopia.hemsida.eu\/wp-content\/uploads\/2020\/09\/nosalogga_3125c-med-kant-03-01-01-01.png","contentUrl":"https:\/\/nosamedkopia.hemsida.eu\/wp-content\/uploads\/2020\/09\/nosalogga_3125c-med-kant-03-01-01-01.png","width":647,"height":399,"caption":"NOSA"},"image":{"@id":"https:\/\/nosamedkopia.hemsida.eu\/es\/#\/schema\/logo\/image\/"},"sameAs":["https:\/\/www.facebook.com\/nosaplugs","https:\/\/www.instagram.com\/nosa_med","https:\/\/www.linkedin.com\/company\/9313523"]}]}},"_links":{"self":[{"href":"https:\/\/nosamedkopia.hemsida.eu\/es\/wp-json\/wp\/v2\/pages\/7997"}],"collection":[{"href":"https:\/\/nosamedkopia.hemsida.eu\/es\/wp-json\/wp\/v2\/pages"}],"about":[{"href":"https:\/\/nosamedkopia.hemsida.eu\/es\/wp-json\/wp\/v2\/types\/page"}],"author":[{"embeddable":true,"href":"https:\/\/nosamedkopia.hemsida.eu\/es\/wp-json\/wp\/v2\/users\/1"}],"replies":[{"embeddable":true,"href":"https:\/\/nosamedkopia.hemsida.eu\/es\/wp-json\/wp\/v2\/comments?post=7997"}],"version-history":[{"count":2,"href":"https:\/\/nosamedkopia.hemsida.eu\/es\/wp-json\/wp\/v2\/pages\/7997\/revisions"}],"predecessor-version":[{"id":8010,"href":"https:\/\/nosamedkopia.hemsida.eu\/es\/wp-json\/wp\/v2\/pages\/7997\/revisions\/8010"}],"wp:attachment":[{"href":"https:\/\/nosamedkopia.hemsida.eu\/es\/wp-json\/wp\/v2\/media?parent=7997"}],"curies":[{"name":"wp","href":"https:\/\/api.w.org\/{rel}","templated":true}]}}